{"id":1770,"date":"2020-03-01T09:21:24","date_gmt":"2020-03-01T09:21:24","guid":{"rendered":"https:\/\/luisnaon.com\/?page_id=1770"},"modified":"2025-02-20T08:56:03","modified_gmt":"2025-02-20T08:56:03","slug":"discography","status":"publish","type":"page","link":"https:\/\/luisnaon.com\/en\/discography\/","title":{"rendered":"Discography"},"content":{"rendered":"<p><a href=\"https:\/\/empreintedigitale-label.fr\/portfolio\/melanges-guillermo-anzorena-baritone-silvia-dabul-piano\" target=\"_blank\" rel=\"noopener\"><img loading=\"lazy\" decoding=\"async\" class=\"alignnone wp-image-1053\" src=\"https:\/\/luisnaon.com\/wp-content\/uploads\/2014\/11\/COUV_ED13249-Carre-1200dpi-300x300.jpg\" alt=\"\" width=\"245\" height=\"245\" srcset=\"https:\/\/luisnaon.com\/wp-content\/uploads\/2014\/11\/COUV_ED13249-Carre-1200dpi-300x300.jpg 300w, https:\/\/luisnaon.com\/wp-content\/uploads\/2014\/11\/COUV_ED13249-Carre-1200dpi-150x150.jpg 150w, https:\/\/luisnaon.com\/wp-content\/uploads\/2014\/11\/COUV_ED13249-Carre-1200dpi-50x50.jpg 50w, https:\/\/luisnaon.com\/wp-content\/uploads\/2014\/11\/COUV_ED13249-Carre-1200dpi.jpg 700w\" sizes=\"auto, (max-width: 245px) 100vw, 245px\" \/><\/a><\/p>\n<p><strong><span style=\"color: #800000;\">M\u00c9LANGE<br \/>\n<span style=\"color: #000000;\">Guillermo Anzorena, <em>baryton<\/em>\u00a0 \u00a0 \u00a0Silvia Dabul, <em>piano<\/em><\/span><\/span><\/strong><\/p>\n<p><strong><span style=\"color: #800000;\"><span style=\"color: #000000;\">Amor a Roma, <\/span><\/span><\/strong><span style=\"color: #800000;\"><span style=\"color: #000000;\"><em>de Luis Na\u00f3n<\/em><\/span><\/span><strong><span style=\"color: #800000;\"><span style=\"color: #000000;\"><br \/>\n<\/span><\/span><\/strong><span style=\"color: #800000;\"><span style=\"color: #000000;\">et \u0153uvres de\u00a0 Berio, Mucillo, Ronchetti, Sciarrino, Lambertini, Solare, Barber<\/span><\/span><strong><span style=\"color: #800000;\"><span style=\"color: #000000;\"><br \/>\n<\/span><\/span><\/strong><\/p>\n<div>Ce disque est consacr\u00e9 \u00e0 la m\u00e9lodie, au lied, en espagnol, litt\u00e9ralement \u00ab chanson de chambre \u00bb. Il \u00ab m\u00e9lange \u00bb subtilement, savoureusement des traditions diff\u00e9rentes dont le point commun est la tension entre musique et po\u00e9sie, \u00e0 la recherche de l\u2019unit\u00e9 perdue qui pourrait encore \u00eatre retrouv\u00e9e. Guillermo Anzorena et Silvia Dabul sont tous deux argentins. Baryton \u00e0 la souplesse vocale exceptionnelle, soliste international, associ\u00e9 aux Neue Vocalsolisten de Stuttgart, Guillermo Anzorena vit en Europe depuis de nombreuses ann\u00e9es ; Silvia Dabul, po\u00e9tesse et pianiste, vit \u00e0 Buenos Aires.<\/div>\n<p><span style=\"color: #800000;\"><span style=\"color: #000000;\">Label : <a href=\"https:\/\/empreintedigitale-label.fr\/portfolio\/melanges-guillermo-anzorena-baritone-silvia-dabul-piano\" target=\"_blank\" rel=\"noopener\">L&#8217;empreinte digitale<\/a><br \/>\n<\/span><\/span><\/p>\n<hr \/>\n<p><strong><span style=\"color: #800000;\"><a href=\"https:\/\/www.nowlands.fr\" target=\"_blank\" rel=\"noopener\"><img loading=\"lazy\" decoding=\"async\" class=\"alignnone wp-image-1183\" src=\"https:\/\/luisnaon.com\/wp-content\/uploads\/2018\/12\/Digipack_2_Volets_V1-1-300x271.jpg\" alt=\"\" width=\"245\" height=\"221\" srcset=\"https:\/\/luisnaon.com\/wp-content\/uploads\/2018\/12\/Digipack_2_Volets_V1-1-300x271.jpg 300w, https:\/\/luisnaon.com\/wp-content\/uploads\/2018\/12\/Digipack_2_Volets_V1-1.jpg 664w\" sizes=\"auto, (max-width: 245px) 100vw, 245px\" \/><\/a><\/span><\/strong><\/p>\n<p><strong><span style=\"color: #800000;\">EN \u00c9CHO<br \/>\n<span style=\"color: #000000;\">Ensemble\u00a0Accroche Note<b><br \/>\n<\/b>Armand Angster,\u00a0<i>clarinette\u00a0 \u00a0\u00a0<\/i>Fran\u00e7oise Kubler,\u00a0<i>soprano<br \/>\n<\/i><b><br \/>\n<\/b><\/span><\/span><\/strong><span style=\"color: #800000;\"><span style=\"color: #000000;\"><strong>Ultimos movimientos, <\/strong><em>de Luis Na\u00f3n<\/em><\/span><\/span><\/p>\n<p><span style=\"color: #800000;\"><span style=\"color: #000000;\">\u0152uvres de :\u00a0<\/span><\/span><span style=\"color: #800000;\"><span style=\"color: #000000;\">Franco Donatoni, Luis Na\u00f3n, Bruno Mantovani, Philippe Manoury<\/span><\/span><\/p>\n<p><span style=\"color: #800000;\"><span style=\"color: #000000;\">Label : <a href=\"https:\/\/www.nowlands.fr\" target=\"_blank\" rel=\"noopener\">NOWLANDS<\/a><\/span><\/span><\/p>\n<hr \/>\n<p><img loading=\"lazy\" decoding=\"async\" class=\"alignnone wp-image-1109\" src=\"https:\/\/luisnaon.com\/wp-content\/uploads\/2018\/03\/Lucas_Genas_YMTF-300x267.jpg\" alt=\"\" width=\"245\" height=\"216\" \/><\/p>\n<p><strong><span style=\"color: #800000;\">YOU MUST THINK FIRST<br \/>\n<span style=\"color: #000000;\">Lucas Genas, <em>percussion<\/em><\/span><\/span><\/strong><\/p>\n<p><strong><span style=\"color: #800000;\"><span style=\"color: #000000;\">Lettre inach\u00e9v\u00e9e \/ URBANA 3, <\/span><\/span><\/strong><span style=\"color: #800000;\"><span style=\"color: #000000;\"><em>de Luis Na\u00f3n<\/em><\/span><\/span><strong><span style=\"color: #800000;\"><span style=\"color: #000000;\"><br \/>\n<\/span><\/span><\/strong><span style=\"color: #800000;\"><span style=\"color: #000000;\">et \u0153uvres de\u00a0 Xenakis, J\u00e9r\u00f4me Bertholon, Fr\u00e9d\u00e9rick Martin et\u00a0 Steve Reich<\/span><\/span><strong><span style=\"color: #800000;\"><span style=\"color: #000000;\"><br \/>\n<\/span><\/span><\/strong><\/p>\n<div>Le disque comprend un livret avec des textes originaux de :<\/div>\n<div><strong>William Blank, Jean-Fran\u00e7ois Boukobza, Luis Na\u00f3n,\u00a0J\u00e9r\u00f4me Bertholon<\/strong><\/div>\n<p><span style=\"color: #800000;\"><em><span style=\"color: #000000;\"><br \/>\n<\/span><\/em><\/span><span style=\"color: #800000;\"><span style=\"color: #000000;\">Label : <a href=\"https:\/\/alliagesonore.fr\" target=\"_blank\" rel=\"noopener\">Alliage Sonore<\/a><\/span><\/span><\/p>\n<hr \/>\n<p><strong><span style=\"color: #800000;\"><img loading=\"lazy\" decoding=\"async\" class=\"alignnone wp-image-1094\" src=\"https:\/\/luisnaon.com\/wp-content\/uploads\/2018\/02\/Trio_polycordes-3-298x300.png\" alt=\"\" width=\"238\" height=\"247\" \/><\/span><\/strong><\/p>\n<p><strong><span style=\"color: #800000;\">Trio Polycordes 3 &amp; Mareike Schellenberger<br \/>\n<span style=\"color: #000000;\">Tres cantos a Pandora, <\/span><span style=\"color: #000000;\"><em>de Luis Na\u00f3n<\/em><\/span><span style=\"color: #000000;\"><br \/>\n<\/span><\/span><\/strong><span style=\"color: #800000;\"><span style=\"color: #000000;\">pour mezzo-soprano, mandoloncelle, guitare et harpe<br \/>\n<\/span><\/span><strong><span style=\"color: #800000;\"><span style=\"color: #000000;\"><br \/>\n<\/span><\/span><span style=\"color: #800000;\"><span style=\"color: #000000;\">Sandrine Chatron, <\/span><\/span><\/strong><span style=\"color: #800000;\"><em><span style=\"color: #000000;\">harpe<br \/>\n<\/span><\/em><\/span><strong><span style=\"color: #800000;\"><span style=\"color: #000000;\">Florentino Calvo<\/span><em><span style=\"color: #000000;\">, <\/span><\/em><\/span><\/strong><span style=\"color: #800000;\"><em><span style=\"color: #000000;\">mandoline<\/span><\/em><\/span><strong><span style=\"color: #800000;\"><em><span style=\"color: #000000;\"><br \/>\n<\/span><\/em><span style=\"color: #000000;\">Jean-Marc Zvellenreuther, <\/span><\/span><\/strong><span style=\"color: #800000;\"><em><span style=\"color: #000000;\">guitare<\/span><\/em><\/span><\/p>\n<p><span style=\"color: #800000;\"><span style=\"color: #000000;\">Label : La Folia madrigal<\/span><\/span><\/p>\n<hr \/>\n<p><img loading=\"lazy\" decoding=\"async\" class=\"alignnone wp-image-1081\" src=\"https:\/\/luisnaon.com\/wp-content\/uploads\/2014\/11\/Quatuor_Yendo_Utopico-300x266.png\" alt=\"\" width=\"257\" height=\"213\" \/><\/p>\n<p><strong><span style=\"color: #800000;\"><span style=\"color: #000000;\">UTOPICO<br \/>\nQuatuor Yendo<\/span><\/span><\/strong><\/p>\n<p><strong><span style=\"color: #800000;\"><span style=\"color: #000000;\">Tangos Utopicos, <\/span><\/span><\/strong><span style=\"color: #800000;\"><span style=\"color: #000000;\"><em>de Luis Na\u00f3n<\/em><\/span><\/span><strong><span style=\"color: #800000;\"><span style=\"color: #000000;\"><br \/>\npour quatuor de saxophones<\/span><\/span><\/strong><\/p>\n<p>\u0153uvres de Granados et Luis Naon<\/p>\n<hr \/>\n<p><img loading=\"lazy\" decoding=\"async\" class=\"alignnone wp-image-933\" src=\"https:\/\/luisnaon.com\/wp-content\/uploads\/2014\/11\/tango_continuo-300x267.png\" alt=\"\" width=\"251\" height=\"225\" \/><\/p>\n<p><strong><span style=\"color: #800000;\">Tango continuo<br \/>\n<\/span><\/strong><a id=\"ProductInfoArtistLink\" class=\"a-size-medium a-link-normal\" href=\"httpss:\/\/www.amazon.fr\/dp\/B01DDZA4J0\/ref=dm_ws_ps_adp\">Carl-Emmanuel Fisbach and David Panzl<\/a><\/p>\n<p><strong><span style=\"color: #800000;\"><span style=\"color: #000000;\">Alto voltango, <\/span><\/span><\/strong><span style=\"color: #800000;\"><span style=\"color: #000000;\"><em>de Luis Na\u00f3n<\/em><\/span><\/span><\/p>\n<p>Label : Paraty<\/p>\n<hr \/>\n<p><strong><a href=\"https:\/\/www.empreintedigitale-label.fr\/page51\/page125\/index.html\" target=\"_blank\" rel=\"noopener\"><img loading=\"lazy\" decoding=\"async\" class=\"alignnone wp-image-853\" src=\"https:\/\/luisnaon.com\/wp-content\/uploads\/2014\/10\/stacks_image_4082.png\" alt=\"stacks_image_4082\" width=\"278\" height=\"250\" srcset=\"https:\/\/luisnaon.com\/wp-content\/uploads\/2014\/10\/stacks_image_4082.png 340w, https:\/\/luisnaon.com\/wp-content\/uploads\/2014\/10\/stacks_image_4082-300x270.png 300w\" sizes=\"auto, (max-width: 278px) 100vw, 278px\" \/><\/a><br \/>\n<span style=\"color: #800000;\">Luis Na\u00f3n :\u00a0Princesses<\/span><\/strong><br \/>\n<span style=\"color: #800000;\"><a style=\"color: #800000;\" href=\"http:\/\/www.laborintus.com\/\" target=\"blank\" rel=\"noopener\">Ensemble Instrumental <strong>ARS NOVA<\/strong><br \/>\nD<\/a>irection : Philippe <strong>Nahon<\/strong><\/span><\/p>\n<p><em><span class=\"Style28\">2 CD<br \/>\n<\/span><\/em><span class=\"Style10\">Label\u00a0:\u00a0<a href=\"https:\/\/www.empreintedigitale-label.fr\/page51\/page125\/index.html\" target=\"_blank\" rel=\"noopener\">L&#8217;Empreinte digitale<\/a><br \/>\nED13239 &#8211; 3760002130279<br \/>\n<\/span><em><span class=\"lieus\">mars\u00a02015<\/span><\/em><\/p>\n<hr \/>\n<p><strong><img loading=\"lazy\" decoding=\"async\" class=\"\" src=\"https:\/\/luisnaon.com\/wp-content\/uploads\/images\/cd_snt.jpg\" alt=\"Sainte Nitouche\" width=\"253\" height=\"210\" \/><br \/>\n<span style=\"color: #800000;\">Luis Na\u00f3n :\u00a0Sainte Nitouche (la fille ni bien ni mal)<\/span><\/strong><br \/>\n<span style=\"color: #800000;\"><a style=\"color: #800000;\" href=\"http:\/\/www.laborintus.com\/\" target=\"blank\" rel=\"noopener\">Ensemble Diagonal<\/a><\/span><\/p>\n<p><span class=\"Style10\"><span class=\"Style20\">Op\u00e9ra de poche de <strong>Luis Na\u00f3n\u00a0<\/strong>sur textes de <strong>Yves Pag\u00e8s<\/strong><br \/>\nDirection musicale :<\/span> <strong>Rut Schereiner<\/strong> <span class=\"Style18\"><br \/>\nInterpr\u00e9tation :<\/span> <strong>Ensemble Diagonal<\/strong><br \/>\n<\/span><em><span class=\"Style28\">copyright G\u00e9rard Billaudot Editeur (2002)<br \/>\n<\/span><\/em><span class=\"Style28\">Enregistrement<\/span><span class=\"Style10\"> : <strong>Laurent Compignie<\/strong>,\u00a0<a href=\"http:\/\/www.malambo.fr\" target=\"_blank\" rel=\"noopener\"><span style=\"color: #800000;\">Studios Malambo<\/span><br \/>\n<\/a>Mixage : <a style=\"color: #800000;\" href=\"https:\/\/www.alamuse.com\/article\/1011\" target=\"_blank\" rel=\"noopener\">La Muse en Circuit<\/a><strong><br \/>\n<\/strong><\/span><em><span class=\"lieus\">mai 2012<\/span><\/em><\/p>\n<hr \/>\n<p><strong><img decoding=\"async\" src=\"https:\/\/luisnaon.com\/wp-content\/uploads\/images\/lascaux.jpg\" alt=\"Lascaux Exp\u00e9rience\" \/><br \/>\n<span style=\"color: #800000;\">Luis Na\u00f3n :\u00a0Lascaux Exp\u00e9rience<\/span><\/strong><br \/>\n<span style=\"color: #800000;\"><a style=\"color: #800000;\" href=\"http:\/\/www.laborintus.com\/\" target=\"blank\" rel=\"noopener\">Ensemble Laborintus<\/a><\/span><br \/>\nLabel C\u00e9sar\u00e9<br \/>\n<em><span class=\"lieus\">mai 2012<\/span><\/em><\/p>\n<hr \/>\n<p><strong><img decoding=\"async\" src=\"https:\/\/luisnaon.com\/wp-content\/uploads\/images\/trames.jpg\" alt=\"Trames Compositions Electro \/ Acoustiques \" \/><\/strong><\/p>\n<p><strong><span style=\"color: #800000;\">Trames<\/span><br \/>\nCompositions Electro \/ Acoustiques <\/strong><br \/>\nLuis Na\u00f3n, Samuel Sighicelli, S\u00e9bastien B\u00e9ranger,<br \/>\nDavid Jisse, S\u00e9bastien Roux<\/p>\n<p><span class=\"lieus\">Production <span style=\"color: #800000;\"><a style=\"color: #800000;\" href=\"https:\/\/www.alamuse.com\/article\/1011\" target=\"_blank\" rel=\"noopener\">La Muse en Circuit<\/a><\/span>,<br \/>\nCentre national de cr\u00e9ation musicale<\/span><em><span class=\"lieus\"><br \/>\nmai 2010<br \/>\n<\/span><\/em><\/p>\n<hr \/>\n<p><em><img decoding=\"async\" src=\"https:\/\/luisnaon.com\/wp-content\/uploads\/images\/003.jpg\" alt=\"\" \/><\/em><\/p>\n<p><strong><span style=\"color: #800000;\">&#8220;Tango Futur&#8221; Paris &#8211; Buenos Aires<\/span><br \/>\n<\/strong>&#8220;Alto Voltango&#8221; &#8220;Deux tangos du cycle Amor a Roma&#8221;<br \/>\n<strong>Claude Delangle<\/strong>, <em>saxophone<\/em>, <strong>Jean Geoffroy<\/strong>, <em>percussion<\/em>, <strong>Susanna \u00a0Moncayo von Hasse<\/strong>, <em>voix<\/em>, <strong>Max Bonnay<\/strong>, <em>bandon\u00e9on<\/em>, <strong>Odile Delangle<\/strong>, <em>piano<\/em>, <strong>Eric Chalan<\/strong>, <em>contrebasse<\/em>,<br \/>\nBIS Records, CD 1170<\/p>\n<hr \/>\n<div class=\"post-content\">\n<p><img decoding=\"async\" src=\"https:\/\/luisnaon.com\/wp-content\/uploads\/images\/005.jpg\" alt=\"\" \/><br \/>\n<span style=\"color: #800000;\"><strong>&#8220;Alto Voltango&#8221;<\/strong><\/span><br \/>\npour saxophone alto et vibraphone.<br \/>\n<strong>Philippe Bracquart<\/strong>, <em>saxophone<\/em>. <strong>Philippe Limoge<\/strong>, <em>vibraphone<\/em>.<\/p>\n<hr \/>\n<p><img decoding=\"async\" src=\"https:\/\/luisnaon.com\/wp-content\/uploads\/images\/006.jpg\" alt=\"\" \/><br \/>\n<span style=\"color: #800000;\"><strong>&#8220;Tango del desamparo&#8221;<\/strong><\/span><br \/>\npour violoncelle, piano et bande magn\u00e9tique.<br \/>\n<em><strong>Grupo Encuentros<\/strong><\/em>.<br \/>\n<strong>Carlos Nozzi<\/strong>, <em>violoncelle<\/em>. <strong>Claudio Espector<\/strong>, <em>piano<\/em>.<br \/>\nDiscos Cosentino.<\/p>\n<hr \/>\n<p><img decoding=\"async\" src=\"https:\/\/luisnaon.com\/wp-content\/uploads\/images\/002.jpg\" alt=\"\" \/><br \/>\n<span style=\"color: #800000;\"><strong>&#8220;Alto Voltango&#8221;<\/strong><\/span><br \/>\npour saxophone alto et vibraphone<br \/>\n<strong>Erwan Fagant<\/strong>, <em>saxophone<\/em>. <strong>Herv\u00e9 Trovel<\/strong>, <em>vibraphone<\/em>.<br \/>\nCollection Jeunes Solistes<br \/>\nFondation Meyer &#8211; CNSM de Paris &#8211; Cit\u00e9 de la Musique<\/p>\n<hr \/>\n<p><img decoding=\"async\" src=\"https:\/\/luisnaon.com\/wp-content\/uploads\/images\/004.jpg\" alt=\"\" \/><br \/>\n<strong>&#8220;Ombres d&#8217;hallucinations et de mort&#8221;<\/strong><br \/>\npour violoncelle et orchestre<br \/>\nNew Moscow Symphony Orchestra<br \/>\nEduardo Valenzuela, violoncelle. Vladimir Ponkin, direction.<br \/>\nDisques DOM (DOM CD 1424)<\/p>\n<hr \/>\n<p><img decoding=\"async\" src=\"https:\/\/luisnaon.com\/wp-content\/uploads\/images\/001.jpg\" alt=\"\" \/><br \/>\n<strong>&#8220;Ombres d&#8217;hallucinations et de mort&#8221;<\/strong><br \/>\npour violoncelle et orchestre<br \/>\nJeune Philharmonie de Seine-Saint-Denis<br \/>\nDelphine Caron, violoncelle. Henri-Calude Fantapi\u00e9, direction.<\/p>\n<hr \/>\n<\/div>\n","protected":false},"excerpt":{"rendered":"<p>M\u00c9LANGE Guillermo Anzorena, baryton\u00a0 \u00a0 \u00a0Silvia Dabul, piano Amor a Roma, de Luis Na\u00f3n et \u0153uvres de\u00a0 Berio, Mucillo, Ronchetti, Sciarrino, Lambertini, Solare, Barber Ce disque est consacr\u00e9 \u00e0 la m\u00e9lodie, au lied, en espagnol, litt\u00e9ralement \u00ab chanson de chambre \u00bb. Il \u00ab m\u00e9lange \u00bb subtilement, savoureusement des traditions diff\u00e9rentes dont le point commun est &hellip; <a href=\"https:\/\/luisnaon.com\/en\/discography\/\" class=\"more-link\">Continue reading <span class=\"screen-reader-text\">Discography<\/span> <span class=\"meta-nav\">&rarr;<\/span><\/a><\/p>\n","protected":false},"author":2,"featured_media":0,"parent":0,"menu_order":0,"comment_status":"closed","ping_status":"closed","template":"","meta":{"jetpack_post_was_ever_published":false,"footnotes":""},"class_list":["post-1770","page","type-page","status-publish","hentry"],"yoast_head":"<!-- This site is optimized with the Yoast SEO plugin v27.3 - https:\/\/yoast.com\/product\/yoast-seo-wordpress\/ -->\n<title>Discography - Luis Na\u00f3n \/ compositeur<\/title>\n<meta name=\"robots\" content=\"index, follow, max-snippet:-1, max-image-preview:large, max-video-preview:-1\" \/>\n<link rel=\"canonical\" href=\"https:\/\/luisnaon.com\/en\/discography\/\" \/>\n<meta property=\"og:locale\" content=\"en_US\" \/>\n<meta property=\"og:type\" content=\"article\" \/>\n<meta property=\"og:title\" content=\"Discography - Luis Na\u00f3n \/ compositeur\" \/>\n<meta property=\"og:description\" content=\"M\u00c9LANGE Guillermo Anzorena, baryton\u00a0 \u00a0 \u00a0Silvia Dabul, piano Amor a Roma, de Luis Na\u00f3n et \u0153uvres de\u00a0 Berio, Mucillo, Ronchetti, Sciarrino, Lambertini, Solare, Barber Ce disque est consacr\u00e9 \u00e0 la m\u00e9lodie, au lied, en espagnol, litt\u00e9ralement \u00ab chanson de chambre \u00bb. Il \u00ab m\u00e9lange \u00bb subtilement, savoureusement des traditions diff\u00e9rentes dont le point commun est &hellip; Continue reading Discography &rarr;\" \/>\n<meta property=\"og:url\" content=\"https:\/\/luisnaon.com\/en\/discography\/\" \/>\n<meta property=\"og:site_name\" content=\"Luis Na\u00f3n \/ compositeur\" \/>\n<meta property=\"article:modified_time\" content=\"2025-02-20T08:56:03+00:00\" \/>\n<meta property=\"og:image\" content=\"https:\/\/luisnaon.com\/wp-content\/uploads\/2014\/11\/COUV_ED13249-Carre-1200dpi.jpg\" \/>\n\t<meta property=\"og:image:width\" content=\"700\" \/>\n\t<meta property=\"og:image:height\" content=\"700\" \/>\n\t<meta property=\"og:image:type\" content=\"image\/jpeg\" \/>\n<meta name=\"twitter:label1\" content=\"Est. reading time\" \/>\n\t<meta name=\"twitter:data1\" content=\"6 minutes\" \/>\n<script type=\"application\/ld+json\" class=\"yoast-schema-graph\">{\"@context\":\"https:\\\/\\\/schema.org\",\"@graph\":[{\"@type\":\"WebPage\",\"@id\":\"https:\\\/\\\/luisnaon.com\\\/en\\\/discography\\\/\",\"url\":\"https:\\\/\\\/luisnaon.com\\\/en\\\/discography\\\/\",\"name\":\"Discography - Luis Na\u00f3n \\\/ compositeur\",\"isPartOf\":{\"@id\":\"https:\\\/\\\/luisnaon.com\\\/#website\"},\"primaryImageOfPage\":{\"@id\":\"https:\\\/\\\/luisnaon.com\\\/en\\\/discography\\\/#primaryimage\"},\"image\":{\"@id\":\"https:\\\/\\\/luisnaon.com\\\/en\\\/discography\\\/#primaryimage\"},\"thumbnailUrl\":\"https:\\\/\\\/luisnaon.com\\\/wp-content\\\/uploads\\\/2014\\\/11\\\/COUV_ED13249-Carre-1200dpi-300x300.jpg\",\"datePublished\":\"2020-03-01T09:21:24+00:00\",\"dateModified\":\"2025-02-20T08:56:03+00:00\",\"breadcrumb\":{\"@id\":\"https:\\\/\\\/luisnaon.com\\\/en\\\/discography\\\/#breadcrumb\"},\"inLanguage\":\"en-US\",\"potentialAction\":[{\"@type\":\"ReadAction\",\"target\":[\"https:\\\/\\\/luisnaon.com\\\/en\\\/discography\\\/\"]}]},{\"@type\":\"ImageObject\",\"inLanguage\":\"en-US\",\"@id\":\"https:\\\/\\\/luisnaon.com\\\/en\\\/discography\\\/#primaryimage\",\"url\":\"https:\\\/\\\/luisnaon.com\\\/wp-content\\\/uploads\\\/2014\\\/11\\\/COUV_ED13249-Carre-1200dpi-300x300.jpg\",\"contentUrl\":\"https:\\\/\\\/luisnaon.com\\\/wp-content\\\/uploads\\\/2014\\\/11\\\/COUV_ED13249-Carre-1200dpi-300x300.jpg\"},{\"@type\":\"BreadcrumbList\",\"@id\":\"https:\\\/\\\/luisnaon.com\\\/en\\\/discography\\\/#breadcrumb\",\"itemListElement\":[{\"@type\":\"ListItem\",\"position\":1,\"name\":\"Accueil\",\"item\":\"https:\\\/\\\/luisnaon.com\\\/en\\\/\"},{\"@type\":\"ListItem\",\"position\":2,\"name\":\"Discography\"}]},{\"@type\":\"WebSite\",\"@id\":\"https:\\\/\\\/luisnaon.com\\\/#website\",\"url\":\"https:\\\/\\\/luisnaon.com\\\/\",\"name\":\"Luis Na\u00f3n \\\/ compositeur\",\"description\":\"\",\"potentialAction\":[{\"@type\":\"SearchAction\",\"target\":{\"@type\":\"EntryPoint\",\"urlTemplate\":\"https:\\\/\\\/luisnaon.com\\\/?s={search_term_string}\"},\"query-input\":{\"@type\":\"PropertyValueSpecification\",\"valueRequired\":true,\"valueName\":\"search_term_string\"}}],\"inLanguage\":\"en-US\"}]}<\/script>\n<!-- \/ Yoast SEO plugin. -->","yoast_head_json":{"title":"Discography - Luis Na\u00f3n \/ compositeur","robots":{"index":"index","follow":"follow","max-snippet":"max-snippet:-1","max-image-preview":"max-image-preview:large","max-video-preview":"max-video-preview:-1"},"canonical":"https:\/\/luisnaon.com\/en\/discography\/","og_locale":"en_US","og_type":"article","og_title":"Discography - Luis Na\u00f3n \/ compositeur","og_description":"M\u00c9LANGE Guillermo Anzorena, baryton\u00a0 \u00a0 \u00a0Silvia Dabul, piano Amor a Roma, de Luis Na\u00f3n et \u0153uvres de\u00a0 Berio, Mucillo, Ronchetti, Sciarrino, Lambertini, Solare, Barber Ce disque est consacr\u00e9 \u00e0 la m\u00e9lodie, au lied, en espagnol, litt\u00e9ralement \u00ab chanson de chambre \u00bb. Il \u00ab m\u00e9lange \u00bb subtilement, savoureusement des traditions diff\u00e9rentes dont le point commun est &hellip; Continue reading Discography &rarr;","og_url":"https:\/\/luisnaon.com\/en\/discography\/","og_site_name":"Luis Na\u00f3n \/ compositeur","article_modified_time":"2025-02-20T08:56:03+00:00","og_image":[{"width":700,"height":700,"url":"https:\/\/luisnaon.com\/wp-content\/uploads\/2014\/11\/COUV_ED13249-Carre-1200dpi.jpg","type":"image\/jpeg"}],"twitter_misc":{"Est. reading time":"6 minutes"},"schema":{"@context":"https:\/\/schema.org","@graph":[{"@type":"WebPage","@id":"https:\/\/luisnaon.com\/en\/discography\/","url":"https:\/\/luisnaon.com\/en\/discography\/","name":"Discography - Luis Na\u00f3n \/ compositeur","isPartOf":{"@id":"https:\/\/luisnaon.com\/#website"},"primaryImageOfPage":{"@id":"https:\/\/luisnaon.com\/en\/discography\/#primaryimage"},"image":{"@id":"https:\/\/luisnaon.com\/en\/discography\/#primaryimage"},"thumbnailUrl":"https:\/\/luisnaon.com\/wp-content\/uploads\/2014\/11\/COUV_ED13249-Carre-1200dpi-300x300.jpg","datePublished":"2020-03-01T09:21:24+00:00","dateModified":"2025-02-20T08:56:03+00:00","breadcrumb":{"@id":"https:\/\/luisnaon.com\/en\/discography\/#breadcrumb"},"inLanguage":"en-US","potentialAction":[{"@type":"ReadAction","target":["https:\/\/luisnaon.com\/en\/discography\/"]}]},{"@type":"ImageObject","inLanguage":"en-US","@id":"https:\/\/luisnaon.com\/en\/discography\/#primaryimage","url":"https:\/\/luisnaon.com\/wp-content\/uploads\/2014\/11\/COUV_ED13249-Carre-1200dpi-300x300.jpg","contentUrl":"https:\/\/luisnaon.com\/wp-content\/uploads\/2014\/11\/COUV_ED13249-Carre-1200dpi-300x300.jpg"},{"@type":"BreadcrumbList","@id":"https:\/\/luisnaon.com\/en\/discography\/#breadcrumb","itemListElement":[{"@type":"ListItem","position":1,"name":"Accueil","item":"https:\/\/luisnaon.com\/en\/"},{"@type":"ListItem","position":2,"name":"Discography"}]},{"@type":"WebSite","@id":"https:\/\/luisnaon.com\/#website","url":"https:\/\/luisnaon.com\/","name":"Luis Na\u00f3n \/ compositeur","description":"","potentialAction":[{"@type":"SearchAction","target":{"@type":"EntryPoint","urlTemplate":"https:\/\/luisnaon.com\/?s={search_term_string}"},"query-input":{"@type":"PropertyValueSpecification","valueRequired":true,"valueName":"search_term_string"}}],"inLanguage":"en-US"}]}},"jetpack_sharing_enabled":true,"jetpack_shortlink":"https:\/\/wp.me\/P8dE3Z-sy","jetpack-related-posts":[],"_links":{"self":[{"href":"https:\/\/luisnaon.com\/en\/wp-json\/wp\/v2\/pages\/1770","targetHints":{"allow":["GET"]}}],"collection":[{"href":"https:\/\/luisnaon.com\/en\/wp-json\/wp\/v2\/pages"}],"about":[{"href":"https:\/\/luisnaon.com\/en\/wp-json\/wp\/v2\/types\/page"}],"author":[{"embeddable":true,"href":"https:\/\/luisnaon.com\/en\/wp-json\/wp\/v2\/users\/2"}],"replies":[{"embeddable":true,"href":"https:\/\/luisnaon.com\/en\/wp-json\/wp\/v2\/comments?post=1770"}],"version-history":[{"count":1,"href":"https:\/\/luisnaon.com\/en\/wp-json\/wp\/v2\/pages\/1770\/revisions"}],"predecessor-version":[{"id":2842,"href":"https:\/\/luisnaon.com\/en\/wp-json\/wp\/v2\/pages\/1770\/revisions\/2842"}],"wp:attachment":[{"href":"https:\/\/luisnaon.com\/en\/wp-json\/wp\/v2\/media?parent=1770"}],"curies":[{"name":"wp","href":"https:\/\/api.w.org\/{rel}","templated":true}]}}