{"id":1400,"date":"2019-09-08T10:38:34","date_gmt":"2019-09-08T10:38:34","guid":{"rendered":"https:\/\/luisnaon.com\/luis-naon\/"},"modified":"2023-07-10T12:18:56","modified_gmt":"2023-07-10T12:18:56","slug":"luis-naon","status":"publish","type":"page","link":"https:\/\/luisnaon.com\/es\/luis-naon\/","title":{"rendered":"Luis Na\u00f3n"},"content":{"rendered":"<p>Descargar en formato PDF<br \/>\n<span style=\"color: #800000;\">Biograf\u00eda_versi\u00f3n_extensa [ .pdf]<br \/>\n<\/span><span style=\"color: #800000;\">Biograf\u00eda_versi\u00f3n_corta<\/span> [ .pdf]<\/p>\n<blockquote>\n<p><span style=\"font-size: 20px; font-weight: bold; color: #2b2b2b;\">&gt; Acceso a la p\u00e1gina Biograf\u00eda y premios<\/span><\/p>\n<\/blockquote>\n","protected":false},"excerpt":{"rendered":"<p>Descargar en formato PDF Biograf\u00eda_versi\u00f3n_extensa [ .pdf] Biograf\u00eda_versi\u00f3n_corta [ .pdf] &gt; Acceso a la p\u00e1gina Biograf\u00eda y premios<\/p>\n","protected":false},"author":2,"featured_media":0,"parent":0,"menu_order":0,"comment_status":"closed","ping_status":"closed","template":"","meta":{"jetpack_post_was_ever_published":false,"footnotes":""},"class_list":["post-1400","page","type-page","status-publish","hentry"],"yoast_head":"<!-- This site is optimized with the Yoast SEO plugin v27.5 - https:\/\/yoast.com\/product\/yoast-seo-wordpress\/ -->\n<title>Luis Na\u00f3n - Luis Na\u00f3n \/ compositeur<\/title>\n<meta name=\"robots\" content=\"index, follow, max-snippet:-1, max-image-preview:large, max-video-preview:-1\" \/>\n<link rel=\"canonical\" href=\"https:\/\/luisnaon.com\/es\/luis-naon\/\" \/>\n<meta property=\"og:locale\" content=\"es_ES\" \/>\n<meta property=\"og:type\" content=\"article\" \/>\n<meta property=\"og:title\" content=\"Luis Na\u00f3n - Luis Na\u00f3n \/ compositeur\" \/>\n<meta property=\"og:description\" content=\"Descargar en formato PDF Biograf\u00eda_versi\u00f3n_extensa [ .pdf] Biograf\u00eda_versi\u00f3n_corta [ .pdf] &gt; Acceso a la p\u00e1gina Biograf\u00eda y premios\" \/>\n<meta property=\"og:url\" content=\"https:\/\/luisnaon.com\/es\/luis-naon\/\" \/>\n<meta property=\"og:site_name\" content=\"Luis Na\u00f3n \/ compositeur\" \/>\n<meta property=\"article:modified_time\" content=\"2023-07-10T12:18:56+00:00\" \/>\n<meta name=\"twitter:label1\" content=\"Tiempo de lectura\" \/>\n\t<meta name=\"twitter:data1\" content=\"1 minuto\" \/>\n<script type=\"application\/ld+json\" class=\"yoast-schema-graph\">{\"@context\":\"https:\\\/\\\/schema.org\",\"@graph\":[{\"@type\":\"WebPage\",\"@id\":\"https:\\\/\\\/luisnaon.com\\\/es\\\/luis-naon\\\/\",\"url\":\"https:\\\/\\\/luisnaon.com\\\/es\\\/luis-naon\\\/\",\"name\":\"Luis Na\u00f3n - Luis Na\u00f3n \\\/ compositeur\",\"isPartOf\":{\"@id\":\"https:\\\/\\\/luisnaon.com\\\/#website\"},\"datePublished\":\"2019-09-08T10:38:34+00:00\",\"dateModified\":\"2023-07-10T12:18:56+00:00\",\"breadcrumb\":{\"@id\":\"https:\\\/\\\/luisnaon.com\\\/es\\\/luis-naon\\\/#breadcrumb\"},\"inLanguage\":\"es\",\"potentialAction\":[{\"@type\":\"ReadAction\",\"target\":[\"https:\\\/\\\/luisnaon.com\\\/es\\\/luis-naon\\\/\"]}]},{\"@type\":\"BreadcrumbList\",\"@id\":\"https:\\\/\\\/luisnaon.com\\\/es\\\/luis-naon\\\/#breadcrumb\",\"itemListElement\":[{\"@type\":\"ListItem\",\"position\":1,\"name\":\"Accueil\",\"item\":\"https:\\\/\\\/luisnaon.com\\\/es\\\/\"},{\"@type\":\"ListItem\",\"position\":2,\"name\":\"Luis Na\u00f3n\"}]},{\"@type\":\"WebSite\",\"@id\":\"https:\\\/\\\/luisnaon.com\\\/#website\",\"url\":\"https:\\\/\\\/luisnaon.com\\\/\",\"name\":\"Luis Na\u00f3n \\\/ compositeur\",\"description\":\"\",\"potentialAction\":[{\"@type\":\"SearchAction\",\"target\":{\"@type\":\"EntryPoint\",\"urlTemplate\":\"https:\\\/\\\/luisnaon.com\\\/?s={search_term_string}\"},\"query-input\":{\"@type\":\"PropertyValueSpecification\",\"valueRequired\":true,\"valueName\":\"search_term_string\"}}],\"inLanguage\":\"es\"}]}<\/script>\n<!-- \/ Yoast SEO plugin. -->","yoast_head_json":{"title":"Luis Na\u00f3n - Luis Na\u00f3n \/ compositeur","robots":{"index":"index","follow":"follow","max-snippet":"max-snippet:-1","max-image-preview":"max-image-preview:large","max-video-preview":"max-video-preview:-1"},"canonical":"https:\/\/luisnaon.com\/es\/luis-naon\/","og_locale":"es_ES","og_type":"article","og_title":"Luis Na\u00f3n - Luis Na\u00f3n \/ compositeur","og_description":"Descargar en formato PDF Biograf\u00eda_versi\u00f3n_extensa [ .pdf] Biograf\u00eda_versi\u00f3n_corta [ .pdf] &gt; Acceso a la p\u00e1gina Biograf\u00eda y premios","og_url":"https:\/\/luisnaon.com\/es\/luis-naon\/","og_site_name":"Luis Na\u00f3n \/ compositeur","article_modified_time":"2023-07-10T12:18:56+00:00","twitter_misc":{"Tiempo de lectura":"1 minuto"},"schema":{"@context":"https:\/\/schema.org","@graph":[{"@type":"WebPage","@id":"https:\/\/luisnaon.com\/es\/luis-naon\/","url":"https:\/\/luisnaon.com\/es\/luis-naon\/","name":"Luis Na\u00f3n - Luis Na\u00f3n \/ compositeur","isPartOf":{"@id":"https:\/\/luisnaon.com\/#website"},"datePublished":"2019-09-08T10:38:34+00:00","dateModified":"2023-07-10T12:18:56+00:00","breadcrumb":{"@id":"https:\/\/luisnaon.com\/es\/luis-naon\/#breadcrumb"},"inLanguage":"es","potentialAction":[{"@type":"ReadAction","target":["https:\/\/luisnaon.com\/es\/luis-naon\/"]}]},{"@type":"BreadcrumbList","@id":"https:\/\/luisnaon.com\/es\/luis-naon\/#breadcrumb","itemListElement":[{"@type":"ListItem","position":1,"name":"Accueil","item":"https:\/\/luisnaon.com\/es\/"},{"@type":"ListItem","position":2,"name":"Luis Na\u00f3n"}]},{"@type":"WebSite","@id":"https:\/\/luisnaon.com\/#website","url":"https:\/\/luisnaon.com\/","name":"Luis Na\u00f3n \/ compositeur","description":"","potentialAction":[{"@type":"SearchAction","target":{"@type":"EntryPoint","urlTemplate":"https:\/\/luisnaon.com\/?s={search_term_string}"},"query-input":{"@type":"PropertyValueSpecification","valueRequired":true,"valueName":"search_term_string"}}],"inLanguage":"es"}]}},"jetpack_sharing_enabled":true,"jetpack_shortlink":"https:\/\/wp.me\/P8dE3Z-mA","jetpack-related-posts":[],"_links":{"self":[{"href":"https:\/\/luisnaon.com\/es\/wp-json\/wp\/v2\/pages\/1400","targetHints":{"allow":["GET"]}}],"collection":[{"href":"https:\/\/luisnaon.com\/es\/wp-json\/wp\/v2\/pages"}],"about":[{"href":"https:\/\/luisnaon.com\/es\/wp-json\/wp\/v2\/types\/page"}],"author":[{"embeddable":true,"href":"https:\/\/luisnaon.com\/es\/wp-json\/wp\/v2\/users\/2"}],"replies":[{"embeddable":true,"href":"https:\/\/luisnaon.com\/es\/wp-json\/wp\/v2\/comments?post=1400"}],"version-history":[{"count":0,"href":"https:\/\/luisnaon.com\/es\/wp-json\/wp\/v2\/pages\/1400\/revisions"}],"wp:attachment":[{"href":"https:\/\/luisnaon.com\/es\/wp-json\/wp\/v2\/media?parent=1400"}],"curies":[{"name":"wp","href":"https:\/\/api.w.org\/{rel}","templated":true}]}}