{"id":1401,"date":"2019-09-08T10:43:45","date_gmt":"2019-09-08T10:43:45","guid":{"rendered":"https:\/\/luisnaon.com\/las-obras\/"},"modified":"2023-07-10T12:16:30","modified_gmt":"2023-07-10T12:16:30","slug":"las-obras","status":"publish","type":"page","link":"https:\/\/luisnaon.com\/es\/las-obras\/","title":{"rendered":"Las obras"},"content":{"rendered":"<h4><span style=\"color: #800000;\">&gt; Todas las obras<\/span><\/h4>\n<h4><span style=\"color: #800000;\">&gt; Obras por orden alfab\u00e9tico<\/span><\/h4>\n<h4><span style=\"color: #800000;\">&gt; Ciclo: Urbana<\/span><\/h4>\n<h4><span style=\"color: #800000;\">&gt; Ciclo: Les Princesses \/ Las Princesas<\/span><\/h4>\n<h4><span style=\"color: #800000;\">&gt; Ciclo: El Psicoanalista<\/span><\/h4>\n<h4><span style=\"color: #800000;\">&gt; Gran Ensambles \/ Orquesta<\/span><\/h4>\n<h4><span style=\"color: #800000;\">&gt; M\u00fasica de C\u00e1mara<\/span><\/h4>\n<h4><span style=\"color: #800000;\">&gt; Opera &#8211; <\/span><span style=\"color: #800000;\">M\u00fasica de teatro<\/span><\/h4>\n<h4><span style=\"color: #800000;\">&gt;\u00a0<\/span><span style=\"color: #800000;\">M\u00fasica <\/span><span style=\"color: #800000;\">para la danza<\/span><\/h4>\n<h4><span style=\"color: #800000;\">&gt; Instrumento solo \/ con o sin electr\u00f3nica<\/span><\/h4>\n<h4><span style=\"color: #800000;\">&gt; Obras pedag\u00f3gicas<\/span><\/h4>\n","protected":false},"excerpt":{"rendered":"<p>&gt; Todas las obras &gt; Obras por orden alfab\u00e9tico &gt; Ciclo: Urbana &gt; Ciclo: Les Princesses \/ Las Princesas &gt; Ciclo: El Psicoanalista &gt; Gran Ensambles \/ Orquesta &gt; M\u00fasica de C\u00e1mara &gt; Opera &#8211; M\u00fasica de teatro &gt;\u00a0M\u00fasica para la danza &gt; Instrumento solo \/ con o sin electr\u00f3nica &gt; Obras pedag\u00f3gicas<\/p>\n","protected":false},"author":2,"featured_media":0,"parent":0,"menu_order":0,"comment_status":"closed","ping_status":"closed","template":"","meta":{"jetpack_post_was_ever_published":false,"footnotes":""},"class_list":["post-1401","page","type-page","status-publish","hentry"],"yoast_head":"<!-- This site is optimized with the Yoast SEO plugin v27.4 - https:\/\/yoast.com\/product\/yoast-seo-wordpress\/ -->\n<title>Las obras - Luis Na\u00f3n \/ compositeur<\/title>\n<meta name=\"robots\" content=\"index, follow, max-snippet:-1, max-image-preview:large, max-video-preview:-1\" \/>\n<link rel=\"canonical\" href=\"https:\/\/luisnaon.com\/es\/las-obras\/\" \/>\n<meta property=\"og:locale\" content=\"es_ES\" \/>\n<meta property=\"og:type\" content=\"article\" \/>\n<meta property=\"og:title\" content=\"Las obras - Luis Na\u00f3n \/ compositeur\" \/>\n<meta property=\"og:description\" content=\"&gt; Todas las obras &gt; Obras por orden alfab\u00e9tico &gt; Ciclo: Urbana &gt; Ciclo: Les Princesses \/ Las Princesas &gt; Ciclo: El Psicoanalista &gt; Gran Ensambles \/ Orquesta &gt; M\u00fasica de C\u00e1mara &gt; Opera &#8211; M\u00fasica de teatro &gt;\u00a0M\u00fasica para la danza &gt; Instrumento solo \/ con o sin electr\u00f3nica &gt; Obras pedag\u00f3gicas\" \/>\n<meta property=\"og:url\" content=\"https:\/\/luisnaon.com\/es\/las-obras\/\" \/>\n<meta property=\"og:site_name\" content=\"Luis Na\u00f3n \/ compositeur\" \/>\n<meta property=\"article:modified_time\" content=\"2023-07-10T12:16:30+00:00\" \/>\n<meta name=\"twitter:label1\" content=\"Tiempo de lectura\" \/>\n\t<meta name=\"twitter:data1\" content=\"1 minuto\" \/>\n<script type=\"application\/ld+json\" class=\"yoast-schema-graph\">{\"@context\":\"https:\\\/\\\/schema.org\",\"@graph\":[{\"@type\":\"WebPage\",\"@id\":\"https:\\\/\\\/luisnaon.com\\\/es\\\/las-obras\\\/\",\"url\":\"https:\\\/\\\/luisnaon.com\\\/es\\\/las-obras\\\/\",\"name\":\"Las obras - Luis Na\u00f3n \\\/ compositeur\",\"isPartOf\":{\"@id\":\"https:\\\/\\\/luisnaon.com\\\/#website\"},\"datePublished\":\"2019-09-08T10:43:45+00:00\",\"dateModified\":\"2023-07-10T12:16:30+00:00\",\"breadcrumb\":{\"@id\":\"https:\\\/\\\/luisnaon.com\\\/es\\\/las-obras\\\/#breadcrumb\"},\"inLanguage\":\"es\",\"potentialAction\":[{\"@type\":\"ReadAction\",\"target\":[\"https:\\\/\\\/luisnaon.com\\\/es\\\/las-obras\\\/\"]}]},{\"@type\":\"BreadcrumbList\",\"@id\":\"https:\\\/\\\/luisnaon.com\\\/es\\\/las-obras\\\/#breadcrumb\",\"itemListElement\":[{\"@type\":\"ListItem\",\"position\":1,\"name\":\"Accueil\",\"item\":\"https:\\\/\\\/luisnaon.com\\\/es\\\/\"},{\"@type\":\"ListItem\",\"position\":2,\"name\":\"Las obras\"}]},{\"@type\":\"WebSite\",\"@id\":\"https:\\\/\\\/luisnaon.com\\\/#website\",\"url\":\"https:\\\/\\\/luisnaon.com\\\/\",\"name\":\"Luis Na\u00f3n \\\/ compositeur\",\"description\":\"\",\"potentialAction\":[{\"@type\":\"SearchAction\",\"target\":{\"@type\":\"EntryPoint\",\"urlTemplate\":\"https:\\\/\\\/luisnaon.com\\\/?s={search_term_string}\"},\"query-input\":{\"@type\":\"PropertyValueSpecification\",\"valueRequired\":true,\"valueName\":\"search_term_string\"}}],\"inLanguage\":\"es\"}]}<\/script>\n<!-- \/ Yoast SEO plugin. -->","yoast_head_json":{"title":"Las obras - Luis Na\u00f3n \/ compositeur","robots":{"index":"index","follow":"follow","max-snippet":"max-snippet:-1","max-image-preview":"max-image-preview:large","max-video-preview":"max-video-preview:-1"},"canonical":"https:\/\/luisnaon.com\/es\/las-obras\/","og_locale":"es_ES","og_type":"article","og_title":"Las obras - Luis Na\u00f3n \/ compositeur","og_description":"&gt; Todas las obras &gt; Obras por orden alfab\u00e9tico &gt; Ciclo: Urbana &gt; Ciclo: Les Princesses \/ Las Princesas &gt; Ciclo: El Psicoanalista &gt; Gran Ensambles \/ Orquesta &gt; M\u00fasica de C\u00e1mara &gt; Opera &#8211; M\u00fasica de teatro &gt;\u00a0M\u00fasica para la danza &gt; Instrumento solo \/ con o sin electr\u00f3nica &gt; Obras pedag\u00f3gicas","og_url":"https:\/\/luisnaon.com\/es\/las-obras\/","og_site_name":"Luis Na\u00f3n \/ compositeur","article_modified_time":"2023-07-10T12:16:30+00:00","twitter_misc":{"Tiempo de lectura":"1 minuto"},"schema":{"@context":"https:\/\/schema.org","@graph":[{"@type":"WebPage","@id":"https:\/\/luisnaon.com\/es\/las-obras\/","url":"https:\/\/luisnaon.com\/es\/las-obras\/","name":"Las obras - Luis Na\u00f3n \/ compositeur","isPartOf":{"@id":"https:\/\/luisnaon.com\/#website"},"datePublished":"2019-09-08T10:43:45+00:00","dateModified":"2023-07-10T12:16:30+00:00","breadcrumb":{"@id":"https:\/\/luisnaon.com\/es\/las-obras\/#breadcrumb"},"inLanguage":"es","potentialAction":[{"@type":"ReadAction","target":["https:\/\/luisnaon.com\/es\/las-obras\/"]}]},{"@type":"BreadcrumbList","@id":"https:\/\/luisnaon.com\/es\/las-obras\/#breadcrumb","itemListElement":[{"@type":"ListItem","position":1,"name":"Accueil","item":"https:\/\/luisnaon.com\/es\/"},{"@type":"ListItem","position":2,"name":"Las obras"}]},{"@type":"WebSite","@id":"https:\/\/luisnaon.com\/#website","url":"https:\/\/luisnaon.com\/","name":"Luis Na\u00f3n \/ compositeur","description":"","potentialAction":[{"@type":"SearchAction","target":{"@type":"EntryPoint","urlTemplate":"https:\/\/luisnaon.com\/?s={search_term_string}"},"query-input":{"@type":"PropertyValueSpecification","valueRequired":true,"valueName":"search_term_string"}}],"inLanguage":"es"}]}},"jetpack_sharing_enabled":true,"jetpack_shortlink":"https:\/\/wp.me\/P8dE3Z-mB","jetpack-related-posts":[],"_links":{"self":[{"href":"https:\/\/luisnaon.com\/es\/wp-json\/wp\/v2\/pages\/1401","targetHints":{"allow":["GET"]}}],"collection":[{"href":"https:\/\/luisnaon.com\/es\/wp-json\/wp\/v2\/pages"}],"about":[{"href":"https:\/\/luisnaon.com\/es\/wp-json\/wp\/v2\/types\/page"}],"author":[{"embeddable":true,"href":"https:\/\/luisnaon.com\/es\/wp-json\/wp\/v2\/users\/2"}],"replies":[{"embeddable":true,"href":"https:\/\/luisnaon.com\/es\/wp-json\/wp\/v2\/comments?post=1401"}],"version-history":[{"count":0,"href":"https:\/\/luisnaon.com\/es\/wp-json\/wp\/v2\/pages\/1401\/revisions"}],"wp:attachment":[{"href":"https:\/\/luisnaon.com\/es\/wp-json\/wp\/v2\/media?parent=1401"}],"curies":[{"name":"wp","href":"https:\/\/api.w.org\/{rel}","templated":true}]}}