{"id":1413,"date":"2019-09-08T10:55:27","date_gmt":"2019-09-08T10:55:27","guid":{"rendered":"https:\/\/luisnaon.com\/luis-naon\/curriculum-vitae-premios-y-encargos\/"},"modified":"2023-07-10T12:22:11","modified_gmt":"2023-07-10T12:22:11","slug":"curriculum-vitae-premios-y-encargos","status":"publish","type":"page","link":"https:\/\/luisnaon.com\/es\/luis-naon\/curriculum-vitae-premios-y-encargos\/","title":{"rendered":"Curriculum vit\u00e6 \/ Premios y Encargos"},"content":{"rendered":"<div class=\"post-excerpt\"><img loading=\"lazy\" decoding=\"async\" class=\"alignnone size-full wp-image-154\" src=\"https:\/\/luisnaon.com\/wp-content\/uploads\/2014\/11\/cadre_agenda18.jpg\" alt=\"cadre_agenda18\" width=\"700\" height=\"240\" srcset=\"https:\/\/luisnaon.com\/wp-content\/uploads\/2014\/11\/cadre_agenda18.jpg 700w, https:\/\/luisnaon.com\/wp-content\/uploads\/2014\/11\/cadre_agenda18-300x102.jpg 300w\" sizes=\"auto, (max-width: 700px) 100vw, 700px\" \/>Luis Na\u00f3n<br \/>\nNacido en La Plata Argentina el 10\/8\/1961<br \/>\nNationalidad: Argentina y Francesa.<br \/>\nTel. +33 6 63 85 89 20<br \/>\ne-mail : <span style=\"color: #800000;\"><a style=\"color: #800000;\" href=\"mailto:luis.naon@wanadoo.fr\">luis.naon@bbox.fr<\/a><\/span><\/p>\n<hr \/>\n<h4><span style=\"color: #800000;\"><strong>ESTUDIOS MUSICALES :<\/strong><\/span><\/h4>\n<\/div>\n<div class=\"post-content\">\n<p><strong><span style=\"color: #800000;\">1971\/74<\/span><\/strong> Universidad Nacional de La Plata (Argentine). Piano, Chant et Education Musicale. Premier Cycle, Initiation.<\/p>\n<p><span style=\"color: #800000;\"><strong>1974\/77<\/strong><\/span> Le\u00e7ons de Piano, Harmonie et Contrepoint.<\/p>\n<p><span style=\"color: #800000;\"><strong>1979<\/strong><\/span> Universidad Nacional de La Plata (Argentine). Facultad de Bellas Artes Licence en Composition: Piano, Harmonie, Formes Musicales, Pratique Chorale, Composition.<\/p>\n<p><strong><span style=\"color: #800000;\">1980<\/span><\/strong> Universidad Cat\u00f3lica Argentina D\u00e9partement de Musique. Licence en Composition: Contrepoint, Harmonie, Piano, Chant Gregorien, Histoire de la Musique, Acoustique, Philosophie, Histoire de l\u2019Art et de la Litt\u00e9rature, Composition. Maestro Roberto Caama\u00f1o<\/p>\n<p><strong><span style=\"color: #800000;\">1981<\/span><\/strong> Institut Catholique de Paris. Direction Chorale avec St\u00e9phane Caillat.<\/p>\n<p><strong><span style=\"color: #800000;\">1982\/85<\/span><\/strong> Conservatoire National Sup\u00e9rieur de Musique de Paris. Classe de Composition et de Musique Electroacoustique avec Guy Reibel et Laurent Cuniot<\/p>\n<p><strong><span style=\"color: #800000;\">1985\/87<\/span><\/strong> Ecole de Musique de Pantin. Composition avec Sergio Ortega.<\/p>\n<p><span style=\"color: #800000;\"><strong>1987\/88<\/strong><\/span> Universit\u00e9 de Paris VIII. Avec Horacio Vaggione.<\/p>\n<p><span style=\"color: #800000;\"><strong>1999\/01 DEA<\/strong><\/span> sur le Cycle Urbana &#8211; Universit\u00e9 de Paris VIII.<\/p>\n<p><strong><span style=\"color: #800000;\">2001\/06 Doctorat<\/span> <\/strong>\u201cUn cycle d\u2019\u0153uvres en r\u00e9seau\u201d Urbana 24<br \/>\nCD-Rom et Support Th\u00e9orique -Universit\u00e9 de Paris VIII.<\/p>\n<p><img loading=\"lazy\" decoding=\"async\" class=\"\" title=\"Luis Na\u00f3n - compositeur\" src=\"http:\/\/doublelune.com\/luisnaon\/wp-content\/uploads\/images\/naon\/003.jpg\" alt=\"Luis Na\u00f3n - compositeur\" width=\"206\" height=\"300\" \/><\/p>\n<address class=\"credito\">Foto: Arthur P\u00e9quin<\/address>\n<h4><span style=\"color: #800000;\"><strong>PREMIOS Y ENCARGOS<\/strong><\/span><\/h4>\n<p><strong><span style=\"color: #800000;\">1985 Reflets&#8230;<\/span><\/strong> Commande de l\u2019ensemble TM+pour le Festival MANCA.<\/p>\n<p><strong><span style=\"color: #800000;\">1986 Cinq personnages en qu\u00eate de hauteur<\/span><\/strong><span style=\"color: #800000;\">.<\/span> Premier Prix TRINAC. (Radio Nacional Argentina et la Fundaci\u00f3n Encuentros de M\u00fasica Contempor\u00e1nea du Conseil International de la Musique.<\/p>\n<p><strong><span style=\"color: #800000;\">1986 Chuchotements et nouveaux pr\u00e9sages<\/span><\/strong><span style=\"color: #800000;\">.<\/span> Commande de la ville deVillebon-sur-Yvette. 1986\/87 R\u00eave-Vole-Lumi\u00e8re. Commande Mus\u00e9e d\u2019Histoire Vivante de Montreuil pour son Inauguration. 1987 Tango del desamparo. Commande du Grupo Encuentros pour le Teatro Col\u00f3n, Buenos Aires.<\/p>\n<p><strong><span style=\"color: #800000;\">1988 Reflets&#8230;<\/span> <\/strong>Premier Prix du Fondo Nacional de las Artes, Argentine. Ombres d\u2019hallucinations et de mort. Commande de l\u2019Orchestre et l\u2019Union des Conservatoires de la Seine-Saint-Denis (UCDM)<\/p>\n<p><strong><span style=\"color: #800000;\">1989 Revivre l\u2019illusion.<\/span><\/strong> Commande du D\u00e9partement du Val de Marne Onomatop\u00e9es, Musique pour la Chine et Locomotoras. Commandes de T\u00e9l\u00e9ma Images, Buquet Productions et la Mission pour le Bicentenaire de la R\u00e9volution Fran\u00e7aise pour l\u2019Op\u00e9ra Goude.<\/p>\n<p><strong><span style=\"color: #800000;\">1990 Ombre de l\u2019Ombre.<\/span><\/strong> Laur\u00e9at de l\u2019Olympia International Composition Prize. Ath\u00e8nes, Gr\u00e8ce.<br \/>\n<strong><span style=\"color: #800000;\">Tango del desamparo.<\/span><\/strong> Premier Prix TRINAC.(Radio Nacional Argentina et la Fundaci\u00f3n Encuentros de M\u00fasica Contempor\u00e1nea du Conseil International de la Musique.<br \/>\n<strong><span style=\"color: #800000;\">Tango del desamparo.<\/span> <\/strong>Laur\u00e9at \u00e0 la Tribune Internationale de <strong><span style=\"color: #800000;\">Composition U.N.E.S.C.O. 90<\/span><\/strong> (\u0152uvre recommand\u00e9e)<br \/>\n<strong><span style=\"color: #800000;\">Soplando almas.<\/span><\/strong> Commande de l\u2019Ensemble Interface.<br \/>\n<span style=\"color: #800000;\"><strong>Histoire du petit gar\u00e7on&#8230;<\/strong><\/span> Commande d\u2019Etat du Minist\u00e8re de la Culture et de la Communication.<\/p>\n<p><strong><span style=\"color: #800000;\">1990 Desde la Sombra.<\/span><\/strong> Commande de l\u2019Ensemble Interface.<\/p>\n<p><span style=\"color: #800000;\"><strong>1991 Fuego Color Ceniza.<\/strong><\/span> Commande du Festival Futurs\/ Musiques.<\/p>\n<p><strong><span style=\"color: #800000;\">1991 M\u00e1s all\u00e1 del rojo.<\/span> <\/strong>Commande de l\u2019Ensemble Musique Oblique.<\/p>\n<p><strong><span style=\"color: #800000;\">1992 D\u00e9clives.<\/span><\/strong> Commande de l\u2019Ensemble Interface.<\/p>\n<p><span style=\"color: #800000;\"><strong>1992\/93 Speculorum Memoria.<\/strong><\/span> Commande de Radio France.<\/p>\n<p><strong><span style=\"color: #800000;\">1993 Macristalhias.<\/span><\/strong> Commande de la DRAC Nantes.<\/p>\n<p><span style=\"color: #800000;\"><strong>1994 Ka, Cinq po\u00e8mes musicaux.<\/strong> <\/span>Commande de l\u2019Etat<br \/>\n<strong><span style=\"color: #800000;\">La Sph\u00e8re et la Pierre.<\/span> <\/strong>Commande de l\u2019INA-GRM.<br \/>\n<span style=\"color: #800000;\"><strong>Sextuor \u00ab . \u00bb<\/strong><\/span> Commande de l\u2019Ensemble TM +.<\/p>\n<p><strong><span style=\"color: #800000;\">1995 Sombra de la sombra.<\/span> <\/strong>Premio Municipal Ciudad de Buenos Aires. 1996 Speculorum Memoria. Premier Prix TRINAC. (Argentine)<br \/>\n<span style=\"color: #800000;\"><strong>Sextuor \u00ab . \u00bb .<\/strong><\/span> \u0153uvre finaliste pour les III Victoires de la Musique Classique Speculorum Memoria. Laur\u00e9at \u00e0 la Tribune Internationale de Composition U.N.E.S.C.O. 96 (\u0152uvre recommand\u00e9e)<br \/>\n<span style=\"color: #800000;\"><strong>Requiem pour un Bookmaker chinois.<\/strong> <\/span>Commande de l\u2019Etat<\/p>\n<p><span style=\"color: #800000;\"><strong>1997 Claustrum.<\/strong><\/span> Commande de l\u2019INA-GRM.<\/p>\n<p><strong><span style=\"color: #800000;\">1998 Urbana.<\/span><\/strong> Commande de l\u2019IRCAM.<\/p>\n<p><span style=\"color: #800000;\"><strong>1998 Speculorum Memoria.<\/strong> <\/span>Premier Prix Municipal de la Ville de Buenos Aires.<\/p>\n<p><strong><span style=\"color: #800000;\">1998\/99 Double-Urbana.<\/span><\/strong> Concerto pour deux m\u00e9ta instruments et double orchestre Commande de l\u2019Etat<\/p>\n<p><strong><span style=\"color: #800000;\">1999 Diagonal.<\/span> <\/strong>Commande de l\u2019Orchestre de Paris<\/p>\n<p><strong><span style=\"color: #800000;\">1999 Quatuor \u00e0 Cordes (roue-\u00e9toile).<\/span> <\/strong>Commande de l&#8217;association Confluences pour le Quatuor LIGER<\/p>\n<p><span style=\"color: #800000;\"><strong>2000 Diabolus urbanus.<\/strong><\/span> Commande de l\u2019Etat et de l\u2019INA GRM<\/p>\n<p><strong><span style=\"color: #800000;\">2001 Quatuor n\u00b02.<\/span> <\/strong>Premio &#8220;Luis de Narv\u00e1ez&#8221; de la Caja de Granada, Espagne.<\/p>\n<p><span style=\"color: #800000;\"><strong>2001<\/strong><\/span> Prix de Composition Georges Enesco de la SACEM.<\/p>\n<p><span style=\"color: #800000;\"><strong>2001 Alto Voltango.<\/strong><\/span> Commande du \u00ab 14\u00b0 Curso Internacional de M\u00fasica de Benidorm \u00bb<\/p>\n<p><span style=\"color: #800000;\"><strong>2001\/02 Clair\u00e8re.<\/strong> <\/span>Commande de L\u2019Etat et de la Muse en Circuit <span style=\"color: #800000;\"><strong>2001\/02 Sainte Nitouche.<\/strong> <\/span>Commande de Musique Nouvelle en Libert\u00e9.<\/p>\n<p><strong><span style=\"color: #800000;\">2001 Senderos\u2026que bifurcan.<\/span><\/strong> Commande de la Soci\u00e9t\u00e9 Selmer pour le Prix de Saxophone du CNSMDP<\/p>\n<p><span style=\"color: #800000;\"><strong>2001 Perspectives (Urbana 20)<\/strong><\/span> pour sons Fix\u00e9s. Commande de l\u2019INA GRM.<\/p>\n<p><span style=\"color: #800000;\"><strong>2001 Lascaux Urbaine<\/strong><\/span> (Commande de l\u2019Etat pour un dispositif en 5.1)<br \/>\n<span style=\"color: #800000;\"><strong>Lascaux Exp\u00e9rience<\/strong><\/span> \u2013 Commande de l\u2019ensemble laborintus et de la Sacem<\/p>\n<p><span style=\"color: #800000;\"><strong>2001 Musiques pour &#8220;Le Psychanalyste&#8221;<\/strong><\/span> (Commande de radio France)<\/p>\n<p><span style=\"color: #800000;\"><strong>2001 Aliados Invisibles<\/strong><\/span> (Commande de l\u2019Universidad Cat\u00f3lica de Chile)<br \/>\n<strong><span style=\"color: #800000;\">Ein Lied<\/span><\/strong> (Commande de l\u2019ensemble Ars Nova)<br \/>\n6 Caprices (Commande de l\u2019IRCAM)<\/p>\n<p><span style=\"color: #800000;\"><strong>2001 Portraits Crach\u00e9s<\/strong><\/span> (Commande du Centre International de Percussions de Gen\u00e8ve)<br \/>\n<strong><span style=\"color: #800000;\">Tres Cantos a Pandora<\/span><\/strong> (Commande de Artis Diffusion)<\/p>\n<p><span style=\"color: #800000;\"><strong>2007\/08 Les Princesses<\/strong><\/span>, Spectacle Chor\u00e9graphique et Musical, Commande de l\u2019Etat, de la SACD et de l\u2019Ensemble Ars Nova.<\/p>\n<p><span style=\"color: #800000;\"><strong>2008 3 pi\u00e8ces pour 4 timbales<\/strong><\/span>. Commande du Centre International de Percussion.<\/p>\n<p><strong><span style=\"color: #800000;\">2009 Revma (courant)<\/span><\/strong> commande du Quatuor Axone.<\/p>\n<p><img decoding=\"async\" title=\"Luis Na\u00f3n - compositeur\" src=\"https:\/\/doublelune.com\/luisnaon\/wp-content\/uploads\/images\/naon\/002.jpg\" alt=\"Luis Na\u00f3n - compositeur\" \/><\/p>\n<address class=\"credito\">Foto: Arthur P\u00e9quin<\/address>\n<\/div>\n","protected":false},"excerpt":{"rendered":"<p>Luis Na\u00f3n Nacido en La Plata Argentina el 10\/8\/1961 Nationalidad: Argentina y Francesa. Tel. +33 6 63 85 89 20 e-mail : luis.naon@bbox.fr ESTUDIOS MUSICALES : 1971\/74 Universidad Nacional de La Plata (Argentine). Piano, Chant et Education Musicale. Premier Cycle, Initiation. 1974\/77 Le\u00e7ons de Piano, Harmonie et Contrepoint. 1979 Universidad Nacional de La Plata (Argentine). &hellip; <a href=\"https:\/\/luisnaon.com\/es\/luis-naon\/curriculum-vitae-premios-y-encargos\/\" class=\"more-link\">Seguir leyendo <span class=\"screen-reader-text\">Curriculum vit\u00e6 \/ Premios y Encargos<\/span> <span class=\"meta-nav\">&rarr;<\/span><\/a><\/p>\n","protected":false},"author":2,"featured_media":0,"parent":1400,"menu_order":1,"comment_status":"closed","ping_status":"closed","template":"","meta":{"jetpack_post_was_ever_published":false,"footnotes":""},"class_list":["post-1413","page","type-page","status-publish","hentry"],"yoast_head":"<!-- This site is optimized with the Yoast SEO plugin v27.3 - https:\/\/yoast.com\/product\/yoast-seo-wordpress\/ -->\n<title>Curriculum vit\u00e6 \/ Premios y Encargos - Luis Na\u00f3n \/ compositeur<\/title>\n<meta name=\"robots\" content=\"index, follow, max-snippet:-1, max-image-preview:large, max-video-preview:-1\" \/>\n<link rel=\"canonical\" href=\"https:\/\/luisnaon.com\/es\/luis-naon\/curriculum-vitae-premios-y-encargos\/\" \/>\n<meta property=\"og:locale\" content=\"es_ES\" \/>\n<meta property=\"og:type\" content=\"article\" \/>\n<meta property=\"og:title\" content=\"Curriculum vit\u00e6 \/ Premios y Encargos - Luis Na\u00f3n \/ compositeur\" \/>\n<meta property=\"og:description\" content=\"Luis Na\u00f3n Nacido en La Plata Argentina el 10\/8\/1961 Nationalidad: Argentina y Francesa. Tel. +33 6 63 85 89 20 e-mail : luis.naon@bbox.fr ESTUDIOS MUSICALES : 1971\/74 Universidad Nacional de La Plata (Argentine). Piano, Chant et Education Musicale. Premier Cycle, Initiation. 1974\/77 Le\u00e7ons de Piano, Harmonie et Contrepoint. 1979 Universidad Nacional de La Plata (Argentine). &hellip; Seguir leyendo Curriculum vit\u00e6 \/ Premios y Encargos &rarr;\" \/>\n<meta property=\"og:url\" content=\"https:\/\/luisnaon.com\/es\/luis-naon\/curriculum-vitae-premios-y-encargos\/\" \/>\n<meta property=\"og:site_name\" content=\"Luis Na\u00f3n \/ compositeur\" \/>\n<meta property=\"article:modified_time\" content=\"2023-07-10T12:22:11+00:00\" \/>\n<meta property=\"og:image\" content=\"https:\/\/luisnaon.com\/wp-content\/uploads\/2014\/11\/cadre_agenda18.jpg\" \/>\n<meta name=\"twitter:label1\" content=\"Tiempo de lectura\" \/>\n\t<meta name=\"twitter:data1\" content=\"5 minutos\" \/>\n<script type=\"application\/ld+json\" class=\"yoast-schema-graph\">{\"@context\":\"https:\\\/\\\/schema.org\",\"@graph\":[{\"@type\":\"WebPage\",\"@id\":\"https:\\\/\\\/luisnaon.com\\\/es\\\/luis-naon\\\/curriculum-vitae-premios-y-encargos\\\/\",\"url\":\"https:\\\/\\\/luisnaon.com\\\/es\\\/luis-naon\\\/curriculum-vitae-premios-y-encargos\\\/\",\"name\":\"Curriculum vit\u00e6 \\\/ Premios y Encargos - Luis Na\u00f3n \\\/ compositeur\",\"isPartOf\":{\"@id\":\"https:\\\/\\\/luisnaon.com\\\/#website\"},\"primaryImageOfPage\":{\"@id\":\"https:\\\/\\\/luisnaon.com\\\/es\\\/luis-naon\\\/curriculum-vitae-premios-y-encargos\\\/#primaryimage\"},\"image\":{\"@id\":\"https:\\\/\\\/luisnaon.com\\\/es\\\/luis-naon\\\/curriculum-vitae-premios-y-encargos\\\/#primaryimage\"},\"thumbnailUrl\":\"https:\\\/\\\/luisnaon.com\\\/wp-content\\\/uploads\\\/2014\\\/11\\\/cadre_agenda18.jpg\",\"datePublished\":\"2019-09-08T10:55:27+00:00\",\"dateModified\":\"2023-07-10T12:22:11+00:00\",\"breadcrumb\":{\"@id\":\"https:\\\/\\\/luisnaon.com\\\/es\\\/luis-naon\\\/curriculum-vitae-premios-y-encargos\\\/#breadcrumb\"},\"inLanguage\":\"es\",\"potentialAction\":[{\"@type\":\"ReadAction\",\"target\":[\"https:\\\/\\\/luisnaon.com\\\/es\\\/luis-naon\\\/curriculum-vitae-premios-y-encargos\\\/\"]}]},{\"@type\":\"ImageObject\",\"inLanguage\":\"es\",\"@id\":\"https:\\\/\\\/luisnaon.com\\\/es\\\/luis-naon\\\/curriculum-vitae-premios-y-encargos\\\/#primaryimage\",\"url\":\"https:\\\/\\\/luisnaon.com\\\/wp-content\\\/uploads\\\/2014\\\/11\\\/cadre_agenda18.jpg\",\"contentUrl\":\"https:\\\/\\\/luisnaon.com\\\/wp-content\\\/uploads\\\/2014\\\/11\\\/cadre_agenda18.jpg\"},{\"@type\":\"BreadcrumbList\",\"@id\":\"https:\\\/\\\/luisnaon.com\\\/es\\\/luis-naon\\\/curriculum-vitae-premios-y-encargos\\\/#breadcrumb\",\"itemListElement\":[{\"@type\":\"ListItem\",\"position\":1,\"name\":\"Accueil\",\"item\":\"https:\\\/\\\/luisnaon.com\\\/es\\\/\"},{\"@type\":\"ListItem\",\"position\":2,\"name\":\"Luis Na\u00f3n\",\"item\":\"https:\\\/\\\/luisnaon.com\\\/es\\\/luis-naon\\\/\"},{\"@type\":\"ListItem\",\"position\":3,\"name\":\"Curriculum vit\u00e6 \\\/ Premios y Encargos\"}]},{\"@type\":\"WebSite\",\"@id\":\"https:\\\/\\\/luisnaon.com\\\/#website\",\"url\":\"https:\\\/\\\/luisnaon.com\\\/\",\"name\":\"Luis Na\u00f3n \\\/ compositeur\",\"description\":\"\",\"potentialAction\":[{\"@type\":\"SearchAction\",\"target\":{\"@type\":\"EntryPoint\",\"urlTemplate\":\"https:\\\/\\\/luisnaon.com\\\/?s={search_term_string}\"},\"query-input\":{\"@type\":\"PropertyValueSpecification\",\"valueRequired\":true,\"valueName\":\"search_term_string\"}}],\"inLanguage\":\"es\"}]}<\/script>\n<!-- \/ Yoast SEO plugin. -->","yoast_head_json":{"title":"Curriculum vit\u00e6 \/ Premios y Encargos - Luis Na\u00f3n \/ compositeur","robots":{"index":"index","follow":"follow","max-snippet":"max-snippet:-1","max-image-preview":"max-image-preview:large","max-video-preview":"max-video-preview:-1"},"canonical":"https:\/\/luisnaon.com\/es\/luis-naon\/curriculum-vitae-premios-y-encargos\/","og_locale":"es_ES","og_type":"article","og_title":"Curriculum vit\u00e6 \/ Premios y Encargos - Luis Na\u00f3n \/ compositeur","og_description":"Luis Na\u00f3n Nacido en La Plata Argentina el 10\/8\/1961 Nationalidad: Argentina y Francesa. Tel. +33 6 63 85 89 20 e-mail : luis.naon@bbox.fr ESTUDIOS MUSICALES : 1971\/74 Universidad Nacional de La Plata (Argentine). Piano, Chant et Education Musicale. Premier Cycle, Initiation. 1974\/77 Le\u00e7ons de Piano, Harmonie et Contrepoint. 1979 Universidad Nacional de La Plata (Argentine). &hellip; Seguir leyendo Curriculum vit\u00e6 \/ Premios y Encargos &rarr;","og_url":"https:\/\/luisnaon.com\/es\/luis-naon\/curriculum-vitae-premios-y-encargos\/","og_site_name":"Luis Na\u00f3n \/ compositeur","article_modified_time":"2023-07-10T12:22:11+00:00","og_image":[{"url":"https:\/\/luisnaon.com\/wp-content\/uploads\/2014\/11\/cadre_agenda18.jpg","type":"","width":"","height":""}],"twitter_misc":{"Tiempo de lectura":"5 minutos"},"schema":{"@context":"https:\/\/schema.org","@graph":[{"@type":"WebPage","@id":"https:\/\/luisnaon.com\/es\/luis-naon\/curriculum-vitae-premios-y-encargos\/","url":"https:\/\/luisnaon.com\/es\/luis-naon\/curriculum-vitae-premios-y-encargos\/","name":"Curriculum vit\u00e6 \/ Premios y Encargos - Luis Na\u00f3n \/ compositeur","isPartOf":{"@id":"https:\/\/luisnaon.com\/#website"},"primaryImageOfPage":{"@id":"https:\/\/luisnaon.com\/es\/luis-naon\/curriculum-vitae-premios-y-encargos\/#primaryimage"},"image":{"@id":"https:\/\/luisnaon.com\/es\/luis-naon\/curriculum-vitae-premios-y-encargos\/#primaryimage"},"thumbnailUrl":"https:\/\/luisnaon.com\/wp-content\/uploads\/2014\/11\/cadre_agenda18.jpg","datePublished":"2019-09-08T10:55:27+00:00","dateModified":"2023-07-10T12:22:11+00:00","breadcrumb":{"@id":"https:\/\/luisnaon.com\/es\/luis-naon\/curriculum-vitae-premios-y-encargos\/#breadcrumb"},"inLanguage":"es","potentialAction":[{"@type":"ReadAction","target":["https:\/\/luisnaon.com\/es\/luis-naon\/curriculum-vitae-premios-y-encargos\/"]}]},{"@type":"ImageObject","inLanguage":"es","@id":"https:\/\/luisnaon.com\/es\/luis-naon\/curriculum-vitae-premios-y-encargos\/#primaryimage","url":"https:\/\/luisnaon.com\/wp-content\/uploads\/2014\/11\/cadre_agenda18.jpg","contentUrl":"https:\/\/luisnaon.com\/wp-content\/uploads\/2014\/11\/cadre_agenda18.jpg"},{"@type":"BreadcrumbList","@id":"https:\/\/luisnaon.com\/es\/luis-naon\/curriculum-vitae-premios-y-encargos\/#breadcrumb","itemListElement":[{"@type":"ListItem","position":1,"name":"Accueil","item":"https:\/\/luisnaon.com\/es\/"},{"@type":"ListItem","position":2,"name":"Luis Na\u00f3n","item":"https:\/\/luisnaon.com\/es\/luis-naon\/"},{"@type":"ListItem","position":3,"name":"Curriculum vit\u00e6 \/ Premios y Encargos"}]},{"@type":"WebSite","@id":"https:\/\/luisnaon.com\/#website","url":"https:\/\/luisnaon.com\/","name":"Luis Na\u00f3n \/ compositeur","description":"","potentialAction":[{"@type":"SearchAction","target":{"@type":"EntryPoint","urlTemplate":"https:\/\/luisnaon.com\/?s={search_term_string}"},"query-input":{"@type":"PropertyValueSpecification","valueRequired":true,"valueName":"search_term_string"}}],"inLanguage":"es"}]}},"jetpack_sharing_enabled":true,"jetpack_shortlink":"https:\/\/wp.me\/P8dE3Z-mN","jetpack-related-posts":[],"_links":{"self":[{"href":"https:\/\/luisnaon.com\/es\/wp-json\/wp\/v2\/pages\/1413","targetHints":{"allow":["GET"]}}],"collection":[{"href":"https:\/\/luisnaon.com\/es\/wp-json\/wp\/v2\/pages"}],"about":[{"href":"https:\/\/luisnaon.com\/es\/wp-json\/wp\/v2\/types\/page"}],"author":[{"embeddable":true,"href":"https:\/\/luisnaon.com\/es\/wp-json\/wp\/v2\/users\/2"}],"replies":[{"embeddable":true,"href":"https:\/\/luisnaon.com\/es\/wp-json\/wp\/v2\/comments?post=1413"}],"version-history":[{"count":0,"href":"https:\/\/luisnaon.com\/es\/wp-json\/wp\/v2\/pages\/1413\/revisions"}],"up":[{"embeddable":true,"href":"https:\/\/luisnaon.com\/es\/wp-json\/wp\/v2\/pages\/1400"}],"wp:attachment":[{"href":"https:\/\/luisnaon.com\/es\/wp-json\/wp\/v2\/media?parent=1413"}],"curies":[{"name":"wp","href":"https:\/\/api.w.org\/{rel}","templated":true}]}}