{"id":1415,"date":"2019-09-08T11:07:39","date_gmt":"2019-09-08T11:07:39","guid":{"rendered":"https:\/\/luisnaon.com\/luis-naon\/actividades-pedagogicas\/"},"modified":"2023-07-10T12:23:48","modified_gmt":"2023-07-10T12:23:48","slug":"actividades-pedagogicas","status":"publish","type":"page","link":"https:\/\/luisnaon.com\/es\/luis-naon\/actividades-pedagogicas\/","title":{"rendered":"Actividades pedag\u00f3gicas"},"content":{"rendered":"<div class=\"post-excerpt\">\n<address><img loading=\"lazy\" decoding=\"async\" class=\"alignnone size-full wp-image-182\" src=\"https:\/\/luisnaon.com\/wp-content\/uploads\/2014\/11\/cadre_agenda19.jpg\" alt=\"cadre_agenda19\" width=\"700\" height=\"240\" srcset=\"https:\/\/luisnaon.com\/wp-content\/uploads\/2014\/11\/cadre_agenda19.jpg 700w, https:\/\/luisnaon.com\/wp-content\/uploads\/2014\/11\/cadre_agenda19-300x102.jpg 300w\" sizes=\"auto, (max-width: 700px) 100vw, 700px\" \/>Photo: Arthur P\u00e9quin<\/address>\n<p>En el universo de la ense\u00f1anza, Luis Na\u00f3n toma la responsabilidad del D\u00e9partement de Composition et Nouvelles Technologies del Conservatoire National Sup\u00e9rieur de Musique de Par\u00eds en 2001. Ha contribu\u00eddo largement \u00e0 la formation de la jeune g\u00e9n\u00e9ration de compositeurs en France.<\/p>\n<\/div>\n<div class=\"post-content\">\n<ul>\n<li><strong><span style=\"color: #800000;\">1983\/91<\/span><\/strong> Profesor de Harmon\u00eda y\u00a0 An\u00e1lisis, Conservatoire de Noisy-le-Sec, France.<\/li>\n<li><strong><span style=\"color: #800000;\">1984\/87<\/span><\/strong> Seminarios y Cursos de M\u00fasica Electroac\u00fastica:<br \/>\nSalon de la Musique, La D\u00e9fense, France.<br \/>\nMairie de Elboeff, Normandie, France.<br \/>\nCentre d\u2019Action Culturelle, Dieppe, France.<br \/>\nGroupe de Recherche Musicale, Nanterre, France.<\/li>\n<li><span style=\"color: #800000;\"><strong>1988<\/strong><\/span> Seminario \u201cMusique Contemporaine en Europe\u201d Universidad Nacional de La Plata, Argentine (Julio- Agosto)<\/li>\n<li><strong><span style=\"color: #800000;\">1990\/91<\/span><\/strong> Profesor de M\u00fasica Electroac\u00fastica, Universit\u00e9 Rabelais de Tours, Centre de Formation des Musiciens Intervenants.<\/li>\n<li><strong><span style=\"color: #800000;\">1991<\/span><\/strong> Profesor encargado de los cursos de Composition et Nouvelles Technologies au Conservatoire National Sup\u00e9rieur de Musique de Paris.<\/li>\n<li><strong><span style=\"color: #800000;\">1993<\/span><\/strong> Miembro del jurado del Premio CIM-UNESCO.<\/li>\n<li><strong><span style=\"color: #800000;\">1993<\/span><\/strong> Jurado de las becas Ashberg-UNESCO.<\/li>\n<li><span style=\"color: #800000;\"><strong>1997<\/strong><\/span> Representante de la Tribune Internationale de Compositeurs.<br \/>\n&#8211; 2001 Responsable del D\u00e9partement de Composition et Nouvelles Technologie del Conservatoire National Sup\u00e9rieur de Musique de Paris.<\/li>\n<li><strong><span style=\"color: #800000;\">2002<\/span><\/strong> Professor Invitado, Master Class y Cours de Composition \u00e0 la Musikh\u00f6gskolan de l\u2019Universit\u00e9 de G\u00f6teborg \u2013 Su\u00e8de. Professeur Invit\u00e9, Master Class et Cours de Composition \u00e0 la Hochschule de Vienne.<\/li>\n<li><strong><span style=\"color: #800000;\">2003<\/span><\/strong> Nominaci\u00f3n por concurso p\u00fablico international como Profesor de Composici\u00f3n de la Escola Superior de M\u00fasica de Catalunya.<\/li>\n<li><strong><span style=\"color: #800000;\">2006<\/span><\/strong> Nominaci\u00f3n por concurso como Profesor de Electroac\u00fastica a la HEM de G\u00e9nova.<\/li>\n<\/ul>\n<\/div>\n","protected":false},"excerpt":{"rendered":"<p>Photo: Arthur P\u00e9quin En el universo de la ense\u00f1anza, Luis Na\u00f3n toma la responsabilidad del D\u00e9partement de Composition et Nouvelles Technologies del Conservatoire National Sup\u00e9rieur de Musique de Par\u00eds en 2001. Ha contribu\u00eddo largement \u00e0 la formation de la jeune g\u00e9n\u00e9ration de compositeurs en France. 1983\/91 Profesor de Harmon\u00eda y\u00a0 An\u00e1lisis, Conservatoire de Noisy-le-Sec, France. &hellip; <a href=\"https:\/\/luisnaon.com\/es\/luis-naon\/actividades-pedagogicas\/\" class=\"more-link\">Seguir leyendo <span class=\"screen-reader-text\">Actividades pedag\u00f3gicas<\/span> <span class=\"meta-nav\">&rarr;<\/span><\/a><\/p>\n","protected":false},"author":2,"featured_media":0,"parent":1400,"menu_order":3,"comment_status":"closed","ping_status":"closed","template":"","meta":{"jetpack_post_was_ever_published":false,"footnotes":""},"class_list":["post-1415","page","type-page","status-publish","hentry"],"yoast_head":"<!-- This site is optimized with the Yoast SEO plugin v27.3 - https:\/\/yoast.com\/product\/yoast-seo-wordpress\/ -->\n<title>Actividades pedag\u00f3gicas - Luis Na\u00f3n \/ compositeur<\/title>\n<meta name=\"robots\" content=\"index, follow, max-snippet:-1, max-image-preview:large, max-video-preview:-1\" \/>\n<link rel=\"canonical\" href=\"https:\/\/luisnaon.com\/es\/luis-naon\/actividades-pedagogicas\/\" \/>\n<meta property=\"og:locale\" content=\"es_ES\" \/>\n<meta property=\"og:type\" content=\"article\" \/>\n<meta property=\"og:title\" content=\"Actividades pedag\u00f3gicas - Luis Na\u00f3n \/ compositeur\" \/>\n<meta property=\"og:description\" content=\"Photo: Arthur P\u00e9quin En el universo de la ense\u00f1anza, Luis Na\u00f3n toma la responsabilidad del D\u00e9partement de Composition et Nouvelles Technologies del Conservatoire National Sup\u00e9rieur de Musique de Par\u00eds en 2001. Ha contribu\u00eddo largement \u00e0 la formation de la jeune g\u00e9n\u00e9ration de compositeurs en France. 1983\/91 Profesor de Harmon\u00eda y\u00a0 An\u00e1lisis, Conservatoire de Noisy-le-Sec, France. &hellip; Seguir leyendo Actividades pedag\u00f3gicas &rarr;\" \/>\n<meta property=\"og:url\" content=\"https:\/\/luisnaon.com\/es\/luis-naon\/actividades-pedagogicas\/\" \/>\n<meta property=\"og:site_name\" content=\"Luis Na\u00f3n \/ compositeur\" \/>\n<meta property=\"article:modified_time\" content=\"2023-07-10T12:23:48+00:00\" \/>\n<meta property=\"og:image\" content=\"https:\/\/luisnaon.com\/wp-content\/uploads\/2014\/11\/cadre_agenda19.jpg\" \/>\n<meta name=\"twitter:label1\" content=\"Tiempo de lectura\" \/>\n\t<meta name=\"twitter:data1\" content=\"2 minutos\" \/>\n<script type=\"application\/ld+json\" class=\"yoast-schema-graph\">{\"@context\":\"https:\\\/\\\/schema.org\",\"@graph\":[{\"@type\":\"WebPage\",\"@id\":\"https:\\\/\\\/luisnaon.com\\\/es\\\/luis-naon\\\/actividades-pedagogicas\\\/\",\"url\":\"https:\\\/\\\/luisnaon.com\\\/es\\\/luis-naon\\\/actividades-pedagogicas\\\/\",\"name\":\"Actividades pedag\u00f3gicas - Luis Na\u00f3n \\\/ compositeur\",\"isPartOf\":{\"@id\":\"https:\\\/\\\/luisnaon.com\\\/#website\"},\"primaryImageOfPage\":{\"@id\":\"https:\\\/\\\/luisnaon.com\\\/es\\\/luis-naon\\\/actividades-pedagogicas\\\/#primaryimage\"},\"image\":{\"@id\":\"https:\\\/\\\/luisnaon.com\\\/es\\\/luis-naon\\\/actividades-pedagogicas\\\/#primaryimage\"},\"thumbnailUrl\":\"https:\\\/\\\/luisnaon.com\\\/wp-content\\\/uploads\\\/2014\\\/11\\\/cadre_agenda19.jpg\",\"datePublished\":\"2019-09-08T11:07:39+00:00\",\"dateModified\":\"2023-07-10T12:23:48+00:00\",\"breadcrumb\":{\"@id\":\"https:\\\/\\\/luisnaon.com\\\/es\\\/luis-naon\\\/actividades-pedagogicas\\\/#breadcrumb\"},\"inLanguage\":\"es\",\"potentialAction\":[{\"@type\":\"ReadAction\",\"target\":[\"https:\\\/\\\/luisnaon.com\\\/es\\\/luis-naon\\\/actividades-pedagogicas\\\/\"]}]},{\"@type\":\"ImageObject\",\"inLanguage\":\"es\",\"@id\":\"https:\\\/\\\/luisnaon.com\\\/es\\\/luis-naon\\\/actividades-pedagogicas\\\/#primaryimage\",\"url\":\"https:\\\/\\\/luisnaon.com\\\/wp-content\\\/uploads\\\/2014\\\/11\\\/cadre_agenda19.jpg\",\"contentUrl\":\"https:\\\/\\\/luisnaon.com\\\/wp-content\\\/uploads\\\/2014\\\/11\\\/cadre_agenda19.jpg\"},{\"@type\":\"BreadcrumbList\",\"@id\":\"https:\\\/\\\/luisnaon.com\\\/es\\\/luis-naon\\\/actividades-pedagogicas\\\/#breadcrumb\",\"itemListElement\":[{\"@type\":\"ListItem\",\"position\":1,\"name\":\"Accueil\",\"item\":\"https:\\\/\\\/luisnaon.com\\\/es\\\/\"},{\"@type\":\"ListItem\",\"position\":2,\"name\":\"Luis Na\u00f3n\",\"item\":\"https:\\\/\\\/luisnaon.com\\\/es\\\/luis-naon\\\/\"},{\"@type\":\"ListItem\",\"position\":3,\"name\":\"Actividades pedag\u00f3gicas\"}]},{\"@type\":\"WebSite\",\"@id\":\"https:\\\/\\\/luisnaon.com\\\/#website\",\"url\":\"https:\\\/\\\/luisnaon.com\\\/\",\"name\":\"Luis Na\u00f3n \\\/ compositeur\",\"description\":\"\",\"potentialAction\":[{\"@type\":\"SearchAction\",\"target\":{\"@type\":\"EntryPoint\",\"urlTemplate\":\"https:\\\/\\\/luisnaon.com\\\/?s={search_term_string}\"},\"query-input\":{\"@type\":\"PropertyValueSpecification\",\"valueRequired\":true,\"valueName\":\"search_term_string\"}}],\"inLanguage\":\"es\"}]}<\/script>\n<!-- \/ Yoast SEO plugin. -->","yoast_head_json":{"title":"Actividades pedag\u00f3gicas - Luis Na\u00f3n \/ compositeur","robots":{"index":"index","follow":"follow","max-snippet":"max-snippet:-1","max-image-preview":"max-image-preview:large","max-video-preview":"max-video-preview:-1"},"canonical":"https:\/\/luisnaon.com\/es\/luis-naon\/actividades-pedagogicas\/","og_locale":"es_ES","og_type":"article","og_title":"Actividades pedag\u00f3gicas - Luis Na\u00f3n \/ compositeur","og_description":"Photo: Arthur P\u00e9quin En el universo de la ense\u00f1anza, Luis Na\u00f3n toma la responsabilidad del D\u00e9partement de Composition et Nouvelles Technologies del Conservatoire National Sup\u00e9rieur de Musique de Par\u00eds en 2001. Ha contribu\u00eddo largement \u00e0 la formation de la jeune g\u00e9n\u00e9ration de compositeurs en France. 1983\/91 Profesor de Harmon\u00eda y\u00a0 An\u00e1lisis, Conservatoire de Noisy-le-Sec, France. &hellip; Seguir leyendo Actividades pedag\u00f3gicas &rarr;","og_url":"https:\/\/luisnaon.com\/es\/luis-naon\/actividades-pedagogicas\/","og_site_name":"Luis Na\u00f3n \/ compositeur","article_modified_time":"2023-07-10T12:23:48+00:00","og_image":[{"url":"https:\/\/luisnaon.com\/wp-content\/uploads\/2014\/11\/cadre_agenda19.jpg","type":"","width":"","height":""}],"twitter_misc":{"Tiempo de lectura":"2 minutos"},"schema":{"@context":"https:\/\/schema.org","@graph":[{"@type":"WebPage","@id":"https:\/\/luisnaon.com\/es\/luis-naon\/actividades-pedagogicas\/","url":"https:\/\/luisnaon.com\/es\/luis-naon\/actividades-pedagogicas\/","name":"Actividades pedag\u00f3gicas - Luis Na\u00f3n \/ compositeur","isPartOf":{"@id":"https:\/\/luisnaon.com\/#website"},"primaryImageOfPage":{"@id":"https:\/\/luisnaon.com\/es\/luis-naon\/actividades-pedagogicas\/#primaryimage"},"image":{"@id":"https:\/\/luisnaon.com\/es\/luis-naon\/actividades-pedagogicas\/#primaryimage"},"thumbnailUrl":"https:\/\/luisnaon.com\/wp-content\/uploads\/2014\/11\/cadre_agenda19.jpg","datePublished":"2019-09-08T11:07:39+00:00","dateModified":"2023-07-10T12:23:48+00:00","breadcrumb":{"@id":"https:\/\/luisnaon.com\/es\/luis-naon\/actividades-pedagogicas\/#breadcrumb"},"inLanguage":"es","potentialAction":[{"@type":"ReadAction","target":["https:\/\/luisnaon.com\/es\/luis-naon\/actividades-pedagogicas\/"]}]},{"@type":"ImageObject","inLanguage":"es","@id":"https:\/\/luisnaon.com\/es\/luis-naon\/actividades-pedagogicas\/#primaryimage","url":"https:\/\/luisnaon.com\/wp-content\/uploads\/2014\/11\/cadre_agenda19.jpg","contentUrl":"https:\/\/luisnaon.com\/wp-content\/uploads\/2014\/11\/cadre_agenda19.jpg"},{"@type":"BreadcrumbList","@id":"https:\/\/luisnaon.com\/es\/luis-naon\/actividades-pedagogicas\/#breadcrumb","itemListElement":[{"@type":"ListItem","position":1,"name":"Accueil","item":"https:\/\/luisnaon.com\/es\/"},{"@type":"ListItem","position":2,"name":"Luis Na\u00f3n","item":"https:\/\/luisnaon.com\/es\/luis-naon\/"},{"@type":"ListItem","position":3,"name":"Actividades pedag\u00f3gicas"}]},{"@type":"WebSite","@id":"https:\/\/luisnaon.com\/#website","url":"https:\/\/luisnaon.com\/","name":"Luis Na\u00f3n \/ compositeur","description":"","potentialAction":[{"@type":"SearchAction","target":{"@type":"EntryPoint","urlTemplate":"https:\/\/luisnaon.com\/?s={search_term_string}"},"query-input":{"@type":"PropertyValueSpecification","valueRequired":true,"valueName":"search_term_string"}}],"inLanguage":"es"}]}},"jetpack_sharing_enabled":true,"jetpack_shortlink":"https:\/\/wp.me\/P8dE3Z-mP","jetpack-related-posts":[],"_links":{"self":[{"href":"https:\/\/luisnaon.com\/es\/wp-json\/wp\/v2\/pages\/1415","targetHints":{"allow":["GET"]}}],"collection":[{"href":"https:\/\/luisnaon.com\/es\/wp-json\/wp\/v2\/pages"}],"about":[{"href":"https:\/\/luisnaon.com\/es\/wp-json\/wp\/v2\/types\/page"}],"author":[{"embeddable":true,"href":"https:\/\/luisnaon.com\/es\/wp-json\/wp\/v2\/users\/2"}],"replies":[{"embeddable":true,"href":"https:\/\/luisnaon.com\/es\/wp-json\/wp\/v2\/comments?post=1415"}],"version-history":[{"count":0,"href":"https:\/\/luisnaon.com\/es\/wp-json\/wp\/v2\/pages\/1415\/revisions"}],"up":[{"embeddable":true,"href":"https:\/\/luisnaon.com\/es\/wp-json\/wp\/v2\/pages\/1400"}],"wp:attachment":[{"href":"https:\/\/luisnaon.com\/es\/wp-json\/wp\/v2\/media?parent=1415"}],"curies":[{"name":"wp","href":"https:\/\/api.w.org\/{rel}","templated":true}]}}