{"id":1418,"date":"2019-09-08T11:10:37","date_gmt":"2019-09-08T11:10:37","guid":{"rendered":"https:\/\/luisnaon.com\/prensa\/"},"modified":"2023-07-10T12:37:15","modified_gmt":"2023-07-10T12:37:15","slug":"prensa","status":"publish","type":"page","link":"https:\/\/luisnaon.com\/es\/prensa\/","title":{"rendered":"Prensa"},"content":{"rendered":"<h4 style=\"text-align: left;\" align=\"center\">&gt; P R E N S A\u00a0 E S C R I T A<\/h4>\n<div style=\"text-align: left;\" align=\"center\">\u00a0<\/div>\n<div style=\"text-align: left;\" align=\"center\"><strong><span style=\"color: #800000;\">REVISTA OTRA PARTE<\/span><br \/>\n<\/strong><em>1\/10\/2015<\/em><\/div>\n<div style=\"text-align: left;\" align=\"center\">\u00a0<\/div>\n<div style=\"text-align: left;\" align=\"center\">\n<h4 class=\"entry-title discusion\">Quedarse y\u00e9ndose. A prop\u00f3sito de la m\u00fasica de Luis Na\u00f3n<\/h4>\n<p><a class=\"autor\" href=\"https:\/\/revistaotraparte.com\/semanal\/search\/abel-gilbert\">Abel Gilbert<\/a><\/p>\n<\/div>\n<div style=\"text-align: left;\" align=\"center\"><a href=\"https:\/\/revistaotraparte.com\/semanal\/discusion\/quedarse-yendose-a-proposito-de-la-musica-de-luis-naon\/\" target=\"_blank\" rel=\"noopener noreferrer\"><em><img decoding=\"async\" class=\"alignleft\" src=\"http:\/\/revistaotraparte.com\/semanal\/wp-content\/files_mf\/cache\/th_4028ac84e24ab24b81b7bb5ef7bea631_tapaop30.jpg\" alt=\"\" \/><\/em><\/a>\u00a0El descubrimiento de la m\u00fasica de Luis Na\u00f3n\u00a0\u00a0a partir de\u00a0<em>Lascaux exp\u00e9rience\u00a0<\/em>(rese\u00f1ada por Mart\u00edn Liut en <em>Otra Parte<\/em> N\u00ba 25, verano 2011-2012), supuso un ejercicio m\u00faltiple y fruct\u00edfero: incit\u00f3 a reconstruir el camino que este compositor nacido en La Plata en 1961 hab\u00eda emprendido desde su inserci\u00f3n, a principio de los a\u00f1os ochenta, en la escena musical francesa. Desde entonces, he tratado de no perder el rastro de sus pasos sucesivos. La reciente presentaci\u00f3n en el Centro Experimental del Teatro Col\u00f3n (CETC) de\u00a0<em>Portraits crach\u00e9s<\/em>, una obra multimedia de 2013, y la escucha de\u00a0<em>Princesses<\/em>, un disco doble editado en 2015 y grabado por el ensamble Ars Nova,\u00a0\u00a0tuvieron, bajo esta premisa, el efecto de un doble asombro.\u00a0Las dos obras me ayudaron a pensar adem\u00e1s sobre la condici\u00f3n de los compositores argentinos en el exterior y los diversos modos en que dialogan con su pa\u00eds de origen.<\/div>\n<div style=\"text-align: left;\" align=\"center\"><a href=\"https:\/\/revistaotraparte.com\/semanal\/discusion\/quedarse-yendose-a-proposito-de-la-musica-de-luis-naon\/\">&gt;\u00a0Lire tout l&#8217;article<\/a><\/div>\n<div style=\"text-align: left;\" align=\"center\">\u00a0<\/div>\n<div style=\"text-align: left;\" align=\"center\">\n<hr \/>\n<\/div>\n<div style=\"text-align: left;\" align=\"center\"><strong><span style=\"color: #800000;\">LA GACETA DE LA UNAM &#8211; MEXIQUE<\/span><br \/>\n<\/strong><em>9\/12\/2013<\/em><\/div>\n<div style=\"text-align: left;\" align=\"center\"><a href=\"https:\/\/doublelune.com\/luisnaon\/wp-content\/uploads\/pdf\/gaceta_unam.pdf\"><img loading=\"lazy\" decoding=\"async\" class=\"alignnone\" src=\"https:\/\/doublelune.com\/luisnaon\/wp-content\/uploads\/presse\/articulo_gelmanianas.jpg\" alt=\"\" width=\"409\" height=\"642\" \/><\/a><\/div>\n<div style=\"text-align: left;\" align=\"center\">\n<hr \/>\n<\/div>\n<div style=\"text-align: left;\" align=\"center\"><strong><span style=\"color: #800000;\">LA VOZ DE MICHOACAN &#8211; MEXIQUE<\/span><br \/>\n<\/strong><em>19\/04\/2013<\/em><br \/>\n<a href=\"https:\/\/doublelune.com\/luisnaon\/wp-content\/uploads\/pdf\/la_voz_de_michoacan.pdf\"><img loading=\"lazy\" decoding=\"async\" class=\"\" title=\"Maquetaci\u00f3n 1\" src=\"https:\/\/doublelune.com\/luisnaon\/wp-content\/uploads\/presse\/la_voz_de_michoacan_1.jpg\" alt=\"\" width=\"384\" height=\"351\" \/><\/a><\/p>\n<hr \/>\n<h4 style=\"text-align: left;\"><strong>&gt; R A D I O<\/strong><\/h4>\n<p style=\"text-align: left;\"><strong><span style=\"color: #800000;\">Francemusique.fr<\/span><\/strong><br \/>\nEmission : \u00a0<strong>les vendredis du philhar<\/strong><\/p>\n<div style=\"text-align: left;\" align=\"center\">\n<p><strong>Quebrada\/Horizonte\u00a0<\/strong><br \/>\n<strong>pour Orchestre<\/strong><br \/>\n<strong>Orchestre Philharmonique de Radio France<\/strong><br \/>\nDirection : Domingo Hindoyan<\/p>\n<p><strong><em>13 f\u00e9vrier 2015 &#8211;\u00a020h &#8211;\u00a0Festival Pr\u00e9sences<br \/>\n<\/em><\/strong>Auditorium Maison de la Radio &#8211; Paris<strong><em><br \/>\n<\/em><\/strong><\/p>\n<p><span style=\"color: #800000;\"><a style=\"color: #800000;\" href=\"https:\/\/www.maisondelaradio.fr\/evenement\/festivals\/presences-2015-les-deux-ameriques-1#\" target=\"_blank\" rel=\"noopener noreferrer\">&gt;\u00a0en savoir plus<br \/>\n<\/a><a style=\"color: #800000;\" href=\"https:\/\/www.francemusique.fr\/emission\/les-vendredis-du-philhar\/2014-2015\/maldonado-corigliano-cheung-et-naon-au-programme-du-6eme-concert-du-festival\" target=\"_blank\" rel=\"noopener noreferrer\">&gt;\u00a0\u00e9couter le concert<\/a><\/span>\u00a0\u00a0<span style=\"font-size: 10px;\"><em>(\u00e0 partir de 1h20 interview puis 1h57 Sainte Nitouche et 1h59 Quebrada\/Horizonte )<\/em><\/span><\/p>\n<p><a href=\"https:\/\/www.francemusique.fr\/emission\/les-vendredis-du-philhar\/2014-2015\/maldonado-corigliano-cheung-et-naon-au-programme-du-6eme-concert-du-festival\"><img loading=\"lazy\" decoding=\"async\" class=\"alignnone wp-image-771 size-full\" src=\"https:\/\/luisnaon.com\/wp-content\/uploads\/2014\/11\/concert_quebrada.png\" alt=\"concert_quebrada\" width=\"427\" height=\"563\" srcset=\"https:\/\/luisnaon.com\/wp-content\/uploads\/2014\/11\/concert_quebrada.png 427w, https:\/\/luisnaon.com\/wp-content\/uploads\/2014\/11\/concert_quebrada-228x300.png 228w\" sizes=\"auto, (max-width: 427px) 100vw, 427px\" \/><\/a><\/p>\n<hr \/>\n<p>&nbsp;<\/p>\n<\/div>\n<div style=\"text-align: left;\" align=\"center\"><span style=\"color: #800000;\"><strong>RFI &#8211; en espa\u00f1ol<\/strong><\/span><br \/>\n<a href=\"https:\/\/www.espanol.rfi.fr\/cultura\/20150210-paris-celebra-la-creacion-musical-contemporanea-venida-de-america\" target=\"_blank\" rel=\"noopener noreferrer\">www.rfi.fr<\/a><br \/>\n<em>10\/2\/2015<\/em><\/div>\n<div style=\"text-align: left;\" align=\"center\">\u00a0<\/div>\n<div style=\"text-align: left;\" align=\"center\">\u00a0<a href=\"https:\/\/www.espanol.rfi.fr\/cultura\/20150210-paris-celebra-la-creacion-musical-contemporanea-venida-de-america\"><img loading=\"lazy\" decoding=\"async\" class=\"alignnone size-full wp-image-765\" src=\"https:\/\/luisnaon.com\/wp-content\/uploads\/2014\/10\/rfi.png\" alt=\"rfi\" width=\"445\" height=\"581\" srcset=\"https:\/\/luisnaon.com\/wp-content\/uploads\/2014\/10\/rfi.png 445w, https:\/\/luisnaon.com\/wp-content\/uploads\/2014\/10\/rfi-230x300.png 230w\" sizes=\"auto, (max-width: 445px) 100vw, 445px\" \/><\/a><\/div>\n<div style=\"text-align: left;\" align=\"center\">\n<hr \/>\n<\/div>\n<div style=\"text-align: left;\" align=\"center\">\u00a0<\/div>\n<div style=\"text-align: left;\" align=\"center\"><a href=\"https:\/\/www.maisondelaradio.fr\/article\/les-entretiens-de-presences-3-naon\" target=\"_blank\" rel=\"noopener noreferrer\"><img loading=\"lazy\" decoding=\"async\" class=\"alignnone size-full wp-image-763\" src=\"https:\/\/luisnaon.com\/wp-content\/uploads\/2014\/10\/RADIO_FRANCE.png\" alt=\"RADIO_FRANCE\" width=\"452\" height=\"432\" srcset=\"https:\/\/luisnaon.com\/wp-content\/uploads\/2014\/10\/RADIO_FRANCE.png 452w, https:\/\/luisnaon.com\/wp-content\/uploads\/2014\/10\/RADIO_FRANCE-300x287.png 300w\" sizes=\"auto, (max-width: 452px) 100vw, 452px\" \/><\/a><\/div>\n<div style=\"text-align: left;\" align=\"center\">\u00a0<\/div>\n<div style=\"text-align: left;\" align=\"center\">\n<hr \/>\n<\/div>\n<p style=\"text-align: left;\"><strong><span style=\"color: #800000;\">RADIO SUISSE ROMANDE<\/span><br \/>\n<\/strong>Emission : <strong>Musique d&#8217;avenir<\/strong><br \/>\nR\u00e9alisation :<strong><strong> <strong>Anne Guillot<\/strong><\/strong><\/strong><\/p>\n<p style=\"text-align: left;\"><span style=\"color: #800000;\"><a style=\"color: #800000;\" href=\"http:\/\/www.rts.ch\/espace-2\/programmes\/musique-d-avenir\/4431289-autour-de-luis-naon-02-12-2012.html?f=player\/popup\">Cliquer ici<\/a><\/span> pour \u00e9couter l&#8217;\u00e9mission<\/p>\n<p style=\"text-align: left;\"><strong>La For\u00eat IV et V <em>(Les Princesses)<\/em> <\/strong>(D\u00e9but minute 21)<br \/>\n<strong>Ex Lex <em>(Teatro secreto)<\/em><\/strong> Cr\u00e9ation (D\u00e9but minute 38:40)<\/p>\n<p style=\"text-align: left;\"><em>Concert donn\u00e9 le 30 octobre 2012 au Studio Ernest-Ansermet<\/em><br \/>\n<em>\u00e0 l&#8217;enseigne des concerts Contrechamps, Saison 2012-2013.<\/em><br \/>\n<em>Michael Wendeberg dirige l&#8217;Ensemble Contrechamps <\/em><br \/>\n<em>programme &#8220;La For\u00eat (IV et V) (Les Princesses)&#8221; pour quinze musiciens et \u00e9lectronique (2008)\u00a0<\/em><em>et &#8220;Ex Lex (teatro secreto)&#8221; pour ensemble (2012)<\/em><\/p>\n<hr \/>\n<p style=\"text-align: left;\"><span style=\"color: #800000;\"><strong>FRANCE MUSIQUE &#8211; TAPAGE NOCTURNE<\/strong><\/span><\/p>\n<p style=\"text-align: left;\"><strong><a href=\"https:\/\/sites.radiofrance.fr\/francemusique\/em\/tapage\/emission.php?e_id=18\"><img decoding=\"async\" src=\"http:\/\/doublelune.com\/luisnaon\/wp-content\/uploads\/presse\/tapage.jpg\" alt=\"\" \/><\/a><br \/>\n<\/strong><\/p>\n<hr \/>\n<h4 style=\"text-align: left;\"><strong>&gt;\u00a0W E B<\/strong><\/h4>\n<p style=\"text-align: left;\"><strong><span style=\"color: #800000;\"><a style=\"color: #800000;\" href=\"https:\/\/www.resmusica.com\/2012\/08\/05\/la-feinte-nitouche-de-luis-naon\/\" target=\"_blank\" rel=\"noopener noreferrer\">ResMusica<br \/>\n<\/a><\/span><\/strong><em>Septembre2012<\/em><\/p>\n<p style=\"text-align: left;\"><img loading=\"lazy\" decoding=\"async\" class=\"alignleft\" src=\"http:\/\/doublelune.com\/luisnaon\/wp-content\/uploads\/presse\/resmusica.jpg\" alt=\"\" width=\"200\" height=\"223\" border=\"0\" \/><\/p>\n<p style=\"text-align: left;\"><span style=\"color: #800000;\"><strong><a style=\"color: #800000;\" href=\"https:\/\/www.resmusica.com\/2012\/08\/05\/la-feinte-nitouche-de-luis-naon\/\" target=\"_blank\" rel=\"noopener noreferrer\">&gt; Lire l&#8217;article<\/a><\/strong><\/span><\/p>\n<\/div>\n","protected":false},"excerpt":{"rendered":"<p>&gt; P R E N S A\u00a0 E S C R I T A \u00a0 REVISTA OTRA PARTE 1\/10\/2015 \u00a0 Quedarse y\u00e9ndose. A prop\u00f3sito de la m\u00fasica de Luis Na\u00f3n Abel Gilbert \u00a0El descubrimiento de la m\u00fasica de Luis Na\u00f3n\u00a0\u00a0a partir de\u00a0Lascaux exp\u00e9rience\u00a0(rese\u00f1ada por Mart\u00edn Liut en Otra Parte N\u00ba 25, verano 2011-2012), supuso un &hellip; <a href=\"https:\/\/luisnaon.com\/es\/prensa\/\" class=\"more-link\">Seguir leyendo <span class=\"screen-reader-text\">Prensa<\/span> <span class=\"meta-nav\">&rarr;<\/span><\/a><\/p>\n","protected":false},"author":2,"featured_media":0,"parent":0,"menu_order":2,"comment_status":"closed","ping_status":"closed","template":"","meta":{"jetpack_post_was_ever_published":false,"footnotes":""},"class_list":["post-1418","page","type-page","status-publish","hentry"],"yoast_head":"<!-- This site is optimized with the Yoast SEO plugin v27.3 - https:\/\/yoast.com\/product\/yoast-seo-wordpress\/ -->\n<title>Prensa - Luis Na\u00f3n \/ compositeur<\/title>\n<meta name=\"robots\" content=\"index, follow, max-snippet:-1, max-image-preview:large, max-video-preview:-1\" \/>\n<link rel=\"canonical\" href=\"https:\/\/luisnaon.com\/es\/prensa\/\" \/>\n<meta property=\"og:locale\" content=\"es_ES\" \/>\n<meta property=\"og:type\" content=\"article\" \/>\n<meta property=\"og:title\" content=\"Prensa - Luis Na\u00f3n \/ compositeur\" \/>\n<meta property=\"og:description\" content=\"&gt; P R E N S A\u00a0 E S C R I T A \u00a0 REVISTA OTRA PARTE 1\/10\/2015 \u00a0 Quedarse y\u00e9ndose. A prop\u00f3sito de la m\u00fasica de Luis Na\u00f3n Abel Gilbert \u00a0El descubrimiento de la m\u00fasica de Luis Na\u00f3n\u00a0\u00a0a partir de\u00a0Lascaux exp\u00e9rience\u00a0(rese\u00f1ada por Mart\u00edn Liut en Otra Parte N\u00ba 25, verano 2011-2012), supuso un &hellip; Seguir leyendo Prensa &rarr;\" \/>\n<meta property=\"og:url\" content=\"https:\/\/luisnaon.com\/es\/prensa\/\" \/>\n<meta property=\"og:site_name\" content=\"Luis Na\u00f3n \/ compositeur\" \/>\n<meta property=\"article:modified_time\" content=\"2023-07-10T12:37:15+00:00\" \/>\n<meta property=\"og:image\" content=\"http:\/\/revistaotraparte.com\/semanal\/wp-content\/files_mf\/cache\/th_4028ac84e24ab24b81b7bb5ef7bea631_tapaop30.jpg\" \/>\n<meta name=\"twitter:label1\" content=\"Tiempo de lectura\" \/>\n\t<meta name=\"twitter:data1\" content=\"4 minutos\" \/>\n<script type=\"application\/ld+json\" class=\"yoast-schema-graph\">{\"@context\":\"https:\\\/\\\/schema.org\",\"@graph\":[{\"@type\":\"WebPage\",\"@id\":\"https:\\\/\\\/luisnaon.com\\\/es\\\/prensa\\\/\",\"url\":\"https:\\\/\\\/luisnaon.com\\\/es\\\/prensa\\\/\",\"name\":\"Prensa - Luis Na\u00f3n \\\/ compositeur\",\"isPartOf\":{\"@id\":\"https:\\\/\\\/luisnaon.com\\\/#website\"},\"primaryImageOfPage\":{\"@id\":\"https:\\\/\\\/luisnaon.com\\\/es\\\/prensa\\\/#primaryimage\"},\"image\":{\"@id\":\"https:\\\/\\\/luisnaon.com\\\/es\\\/prensa\\\/#primaryimage\"},\"thumbnailUrl\":\"http:\\\/\\\/revistaotraparte.com\\\/semanal\\\/wp-content\\\/files_mf\\\/cache\\\/th_4028ac84e24ab24b81b7bb5ef7bea631_tapaop30.jpg\",\"datePublished\":\"2019-09-08T11:10:37+00:00\",\"dateModified\":\"2023-07-10T12:37:15+00:00\",\"breadcrumb\":{\"@id\":\"https:\\\/\\\/luisnaon.com\\\/es\\\/prensa\\\/#breadcrumb\"},\"inLanguage\":\"es\",\"potentialAction\":[{\"@type\":\"ReadAction\",\"target\":[\"https:\\\/\\\/luisnaon.com\\\/es\\\/prensa\\\/\"]}]},{\"@type\":\"ImageObject\",\"inLanguage\":\"es\",\"@id\":\"https:\\\/\\\/luisnaon.com\\\/es\\\/prensa\\\/#primaryimage\",\"url\":\"http:\\\/\\\/revistaotraparte.com\\\/semanal\\\/wp-content\\\/files_mf\\\/cache\\\/th_4028ac84e24ab24b81b7bb5ef7bea631_tapaop30.jpg\",\"contentUrl\":\"http:\\\/\\\/revistaotraparte.com\\\/semanal\\\/wp-content\\\/files_mf\\\/cache\\\/th_4028ac84e24ab24b81b7bb5ef7bea631_tapaop30.jpg\"},{\"@type\":\"BreadcrumbList\",\"@id\":\"https:\\\/\\\/luisnaon.com\\\/es\\\/prensa\\\/#breadcrumb\",\"itemListElement\":[{\"@type\":\"ListItem\",\"position\":1,\"name\":\"Accueil\",\"item\":\"https:\\\/\\\/luisnaon.com\\\/es\\\/\"},{\"@type\":\"ListItem\",\"position\":2,\"name\":\"Prensa\"}]},{\"@type\":\"WebSite\",\"@id\":\"https:\\\/\\\/luisnaon.com\\\/#website\",\"url\":\"https:\\\/\\\/luisnaon.com\\\/\",\"name\":\"Luis Na\u00f3n \\\/ compositeur\",\"description\":\"\",\"potentialAction\":[{\"@type\":\"SearchAction\",\"target\":{\"@type\":\"EntryPoint\",\"urlTemplate\":\"https:\\\/\\\/luisnaon.com\\\/?s={search_term_string}\"},\"query-input\":{\"@type\":\"PropertyValueSpecification\",\"valueRequired\":true,\"valueName\":\"search_term_string\"}}],\"inLanguage\":\"es\"}]}<\/script>\n<!-- \/ Yoast SEO plugin. -->","yoast_head_json":{"title":"Prensa - Luis Na\u00f3n \/ compositeur","robots":{"index":"index","follow":"follow","max-snippet":"max-snippet:-1","max-image-preview":"max-image-preview:large","max-video-preview":"max-video-preview:-1"},"canonical":"https:\/\/luisnaon.com\/es\/prensa\/","og_locale":"es_ES","og_type":"article","og_title":"Prensa - Luis Na\u00f3n \/ compositeur","og_description":"&gt; P R E N S A\u00a0 E S C R I T A \u00a0 REVISTA OTRA PARTE 1\/10\/2015 \u00a0 Quedarse y\u00e9ndose. A prop\u00f3sito de la m\u00fasica de Luis Na\u00f3n Abel Gilbert \u00a0El descubrimiento de la m\u00fasica de Luis Na\u00f3n\u00a0\u00a0a partir de\u00a0Lascaux exp\u00e9rience\u00a0(rese\u00f1ada por Mart\u00edn Liut en Otra Parte N\u00ba 25, verano 2011-2012), supuso un &hellip; Seguir leyendo Prensa &rarr;","og_url":"https:\/\/luisnaon.com\/es\/prensa\/","og_site_name":"Luis Na\u00f3n \/ compositeur","article_modified_time":"2023-07-10T12:37:15+00:00","og_image":[{"url":"http:\/\/revistaotraparte.com\/semanal\/wp-content\/files_mf\/cache\/th_4028ac84e24ab24b81b7bb5ef7bea631_tapaop30.jpg","type":"","width":"","height":""}],"twitter_misc":{"Tiempo de lectura":"4 minutos"},"schema":{"@context":"https:\/\/schema.org","@graph":[{"@type":"WebPage","@id":"https:\/\/luisnaon.com\/es\/prensa\/","url":"https:\/\/luisnaon.com\/es\/prensa\/","name":"Prensa - Luis Na\u00f3n \/ compositeur","isPartOf":{"@id":"https:\/\/luisnaon.com\/#website"},"primaryImageOfPage":{"@id":"https:\/\/luisnaon.com\/es\/prensa\/#primaryimage"},"image":{"@id":"https:\/\/luisnaon.com\/es\/prensa\/#primaryimage"},"thumbnailUrl":"http:\/\/revistaotraparte.com\/semanal\/wp-content\/files_mf\/cache\/th_4028ac84e24ab24b81b7bb5ef7bea631_tapaop30.jpg","datePublished":"2019-09-08T11:10:37+00:00","dateModified":"2023-07-10T12:37:15+00:00","breadcrumb":{"@id":"https:\/\/luisnaon.com\/es\/prensa\/#breadcrumb"},"inLanguage":"es","potentialAction":[{"@type":"ReadAction","target":["https:\/\/luisnaon.com\/es\/prensa\/"]}]},{"@type":"ImageObject","inLanguage":"es","@id":"https:\/\/luisnaon.com\/es\/prensa\/#primaryimage","url":"http:\/\/revistaotraparte.com\/semanal\/wp-content\/files_mf\/cache\/th_4028ac84e24ab24b81b7bb5ef7bea631_tapaop30.jpg","contentUrl":"http:\/\/revistaotraparte.com\/semanal\/wp-content\/files_mf\/cache\/th_4028ac84e24ab24b81b7bb5ef7bea631_tapaop30.jpg"},{"@type":"BreadcrumbList","@id":"https:\/\/luisnaon.com\/es\/prensa\/#breadcrumb","itemListElement":[{"@type":"ListItem","position":1,"name":"Accueil","item":"https:\/\/luisnaon.com\/es\/"},{"@type":"ListItem","position":2,"name":"Prensa"}]},{"@type":"WebSite","@id":"https:\/\/luisnaon.com\/#website","url":"https:\/\/luisnaon.com\/","name":"Luis Na\u00f3n \/ compositeur","description":"","potentialAction":[{"@type":"SearchAction","target":{"@type":"EntryPoint","urlTemplate":"https:\/\/luisnaon.com\/?s={search_term_string}"},"query-input":{"@type":"PropertyValueSpecification","valueRequired":true,"valueName":"search_term_string"}}],"inLanguage":"es"}]}},"jetpack_sharing_enabled":true,"jetpack_shortlink":"https:\/\/wp.me\/P8dE3Z-mS","jetpack-related-posts":[],"_links":{"self":[{"href":"https:\/\/luisnaon.com\/es\/wp-json\/wp\/v2\/pages\/1418","targetHints":{"allow":["GET"]}}],"collection":[{"href":"https:\/\/luisnaon.com\/es\/wp-json\/wp\/v2\/pages"}],"about":[{"href":"https:\/\/luisnaon.com\/es\/wp-json\/wp\/v2\/types\/page"}],"author":[{"embeddable":true,"href":"https:\/\/luisnaon.com\/es\/wp-json\/wp\/v2\/users\/2"}],"replies":[{"embeddable":true,"href":"https:\/\/luisnaon.com\/es\/wp-json\/wp\/v2\/comments?post=1418"}],"version-history":[{"count":0,"href":"https:\/\/luisnaon.com\/es\/wp-json\/wp\/v2\/pages\/1418\/revisions"}],"wp:attachment":[{"href":"https:\/\/luisnaon.com\/es\/wp-json\/wp\/v2\/media?parent=1418"}],"curies":[{"name":"wp","href":"https:\/\/api.w.org\/{rel}","templated":true}]}}