{"id":1422,"date":"2019-09-08T11:11:58","date_gmt":"2019-09-08T11:11:58","guid":{"rendered":"https:\/\/luisnaon.com\/luis-naon\/descargar-curriculum\/"},"modified":"2023-07-10T12:21:36","modified_gmt":"2023-07-10T12:21:36","slug":"descargar-curriculum","status":"publish","type":"page","link":"https:\/\/luisnaon.com\/es\/luis-naon\/descargar-curriculum\/","title":{"rendered":"Descargar Curr\u00edculum"},"content":{"rendered":"\n<figure class=\"wp-block-image\"><img loading=\"lazy\" decoding=\"async\" width=\"700\" height=\"240\" class=\"wp-image-150\" src=\"https:\/\/luisnaon.com\/wp-content\/uploads\/2014\/11\/cadre_agenda17.jpg\" alt=\"\" srcset=\"https:\/\/luisnaon.com\/wp-content\/uploads\/2014\/11\/cadre_agenda17.jpg 700w, https:\/\/luisnaon.com\/wp-content\/uploads\/2014\/11\/cadre_agenda17-300x102.jpg 300w\" sizes=\"auto, (max-width: 700px) 100vw, 700px\" \/><\/figure>\n<p>T\u00e9l\u00e9charger au format PDF<br><a href=\"https:\/\/doublelune.com\/luisnaon\/wp-content\/uploads\/pdf\/bio_cv\/Bio-NAON_FR_Longue_1_09_19.pdf\">Biographie en fran\u00e7ais version_longue [ .pdf]<br><\/a><a href=\"https:\/\/doublelune.com\/luisnaon\/wp-content\/uploads\/pdf\/bio_cv\/Bio_NAON_FR_Courte_1_09_19.pdf\">Biographie en fran\u00e7ais version courte [ .pdf<\/a>]<\/p>\n<p>T\u00e9l\u00e9charger au format JPG<br><a href=\"https:\/\/doublelune.com\/luisnaon\/wp-content\/uploads\/pdf\/bio_cv\/Photos_Luis_Naon.zip\">Photos \u00a9 Diego Pittaluga [.zip]<\/a><\/p>\n\n<blockquote class=\"wp-block-quote is-layout-flow wp-block-quote-is-layout-flow\">\n<p>Vous pouvez aussi utiliser le <strong>clic droit<\/strong> sur le lien et:<br>\n&#8220;<em>Enregistrer la cible du lien sous &#8230;<\/em>&#8220;<\/p>\n<\/blockquote>\n\n<h4 class=\"wp-block-heading\"><a href=\"https:\/\/luisnaon.com\/luis-naon\/biographie\/\">&gt; Acc\u00e9der \u00e0 la page Biographie<\/a><\/h4>\n\n<h4 class=\"wp-block-heading\"><a href=\"https:\/\/luisnaon.com\/luis-naon\/curriculum-vit%E2%80%A6prix-commandes\/\">&gt; Acc\u00e9der \u00e0 la page\u00a0CV &amp; Prix<\/a><\/h4>\n","protected":false},"excerpt":{"rendered":"<p>T\u00e9l\u00e9charger au format PDFBiographie en fran\u00e7ais version_longue [ .pdf]Biographie en fran\u00e7ais version courte [ .pdf] T\u00e9l\u00e9charger au format JPGPhotos \u00a9 Diego Pittaluga [.zip] Vous pouvez aussi utiliser le clic droit sur le lien et: &#8220;Enregistrer la cible du lien sous &#8230;&#8220; &gt; Acc\u00e9der \u00e0 la page Biographie &gt; Acc\u00e9der \u00e0 la page\u00a0CV &amp; Prix<\/p>\n","protected":false},"author":2,"featured_media":0,"parent":1400,"menu_order":0,"comment_status":"closed","ping_status":"closed","template":"","meta":{"jetpack_post_was_ever_published":false,"footnotes":""},"class_list":["post-1422","page","type-page","status-publish","hentry"],"yoast_head":"<!-- This site is optimized with the Yoast SEO plugin v27.3 - https:\/\/yoast.com\/product\/yoast-seo-wordpress\/ -->\n<title>Descargar Curr\u00edculum - Luis Na\u00f3n \/ compositeur<\/title>\n<meta name=\"robots\" content=\"index, follow, max-snippet:-1, max-image-preview:large, max-video-preview:-1\" \/>\n<link rel=\"canonical\" href=\"https:\/\/luisnaon.com\/es\/luis-naon\/descargar-curriculum\/\" \/>\n<meta property=\"og:locale\" content=\"es_ES\" \/>\n<meta property=\"og:type\" content=\"article\" \/>\n<meta property=\"og:title\" content=\"Descargar Curr\u00edculum - Luis Na\u00f3n \/ compositeur\" \/>\n<meta property=\"og:description\" content=\"T\u00e9l\u00e9charger au format PDFBiographie en fran\u00e7ais version_longue [ .pdf]Biographie en fran\u00e7ais version courte [ .pdf] T\u00e9l\u00e9charger au format JPGPhotos \u00a9 Diego Pittaluga [.zip] Vous pouvez aussi utiliser le clic droit sur le lien et: &#8220;Enregistrer la cible du lien sous &#8230;&#8220; &gt; Acc\u00e9der \u00e0 la page Biographie &gt; Acc\u00e9der \u00e0 la page\u00a0CV &amp; Prix\" \/>\n<meta property=\"og:url\" content=\"https:\/\/luisnaon.com\/es\/luis-naon\/descargar-curriculum\/\" \/>\n<meta property=\"og:site_name\" content=\"Luis Na\u00f3n \/ compositeur\" \/>\n<meta property=\"article:modified_time\" content=\"2023-07-10T12:21:36+00:00\" \/>\n<meta property=\"og:image\" content=\"https:\/\/luisnaon.com\/wp-content\/uploads\/2014\/11\/cadre_agenda17.jpg\" \/>\n<meta name=\"twitter:label1\" content=\"Tiempo de lectura\" \/>\n\t<meta name=\"twitter:data1\" content=\"1 minuto\" \/>\n<script type=\"application\/ld+json\" class=\"yoast-schema-graph\">{\"@context\":\"https:\\\/\\\/schema.org\",\"@graph\":[{\"@type\":\"WebPage\",\"@id\":\"https:\\\/\\\/luisnaon.com\\\/es\\\/luis-naon\\\/descargar-curriculum\\\/\",\"url\":\"https:\\\/\\\/luisnaon.com\\\/es\\\/luis-naon\\\/descargar-curriculum\\\/\",\"name\":\"Descargar Curr\u00edculum - Luis Na\u00f3n \\\/ compositeur\",\"isPartOf\":{\"@id\":\"https:\\\/\\\/luisnaon.com\\\/#website\"},\"primaryImageOfPage\":{\"@id\":\"https:\\\/\\\/luisnaon.com\\\/es\\\/luis-naon\\\/descargar-curriculum\\\/#primaryimage\"},\"image\":{\"@id\":\"https:\\\/\\\/luisnaon.com\\\/es\\\/luis-naon\\\/descargar-curriculum\\\/#primaryimage\"},\"thumbnailUrl\":\"https:\\\/\\\/luisnaon.com\\\/wp-content\\\/uploads\\\/2014\\\/11\\\/cadre_agenda17.jpg\",\"datePublished\":\"2019-09-08T11:11:58+00:00\",\"dateModified\":\"2023-07-10T12:21:36+00:00\",\"breadcrumb\":{\"@id\":\"https:\\\/\\\/luisnaon.com\\\/es\\\/luis-naon\\\/descargar-curriculum\\\/#breadcrumb\"},\"inLanguage\":\"es\",\"potentialAction\":[{\"@type\":\"ReadAction\",\"target\":[\"https:\\\/\\\/luisnaon.com\\\/es\\\/luis-naon\\\/descargar-curriculum\\\/\"]}]},{\"@type\":\"ImageObject\",\"inLanguage\":\"es\",\"@id\":\"https:\\\/\\\/luisnaon.com\\\/es\\\/luis-naon\\\/descargar-curriculum\\\/#primaryimage\",\"url\":\"https:\\\/\\\/luisnaon.com\\\/wp-content\\\/uploads\\\/2014\\\/11\\\/cadre_agenda17.jpg\",\"contentUrl\":\"https:\\\/\\\/luisnaon.com\\\/wp-content\\\/uploads\\\/2014\\\/11\\\/cadre_agenda17.jpg\"},{\"@type\":\"BreadcrumbList\",\"@id\":\"https:\\\/\\\/luisnaon.com\\\/es\\\/luis-naon\\\/descargar-curriculum\\\/#breadcrumb\",\"itemListElement\":[{\"@type\":\"ListItem\",\"position\":1,\"name\":\"Accueil\",\"item\":\"https:\\\/\\\/luisnaon.com\\\/es\\\/\"},{\"@type\":\"ListItem\",\"position\":2,\"name\":\"Luis Na\u00f3n\",\"item\":\"https:\\\/\\\/luisnaon.com\\\/es\\\/luis-naon\\\/\"},{\"@type\":\"ListItem\",\"position\":3,\"name\":\"Descargar Curr\u00edculum\"}]},{\"@type\":\"WebSite\",\"@id\":\"https:\\\/\\\/luisnaon.com\\\/#website\",\"url\":\"https:\\\/\\\/luisnaon.com\\\/\",\"name\":\"Luis Na\u00f3n \\\/ compositeur\",\"description\":\"\",\"potentialAction\":[{\"@type\":\"SearchAction\",\"target\":{\"@type\":\"EntryPoint\",\"urlTemplate\":\"https:\\\/\\\/luisnaon.com\\\/?s={search_term_string}\"},\"query-input\":{\"@type\":\"PropertyValueSpecification\",\"valueRequired\":true,\"valueName\":\"search_term_string\"}}],\"inLanguage\":\"es\"}]}<\/script>\n<!-- \/ Yoast SEO plugin. -->","yoast_head_json":{"title":"Descargar Curr\u00edculum - Luis Na\u00f3n \/ compositeur","robots":{"index":"index","follow":"follow","max-snippet":"max-snippet:-1","max-image-preview":"max-image-preview:large","max-video-preview":"max-video-preview:-1"},"canonical":"https:\/\/luisnaon.com\/es\/luis-naon\/descargar-curriculum\/","og_locale":"es_ES","og_type":"article","og_title":"Descargar Curr\u00edculum - Luis Na\u00f3n \/ compositeur","og_description":"T\u00e9l\u00e9charger au format PDFBiographie en fran\u00e7ais version_longue [ .pdf]Biographie en fran\u00e7ais version courte [ .pdf] T\u00e9l\u00e9charger au format JPGPhotos \u00a9 Diego Pittaluga [.zip] Vous pouvez aussi utiliser le clic droit sur le lien et: &#8220;Enregistrer la cible du lien sous &#8230;&#8220; &gt; Acc\u00e9der \u00e0 la page Biographie &gt; Acc\u00e9der \u00e0 la page\u00a0CV &amp; Prix","og_url":"https:\/\/luisnaon.com\/es\/luis-naon\/descargar-curriculum\/","og_site_name":"Luis Na\u00f3n \/ compositeur","article_modified_time":"2023-07-10T12:21:36+00:00","og_image":[{"url":"https:\/\/luisnaon.com\/wp-content\/uploads\/2014\/11\/cadre_agenda17.jpg","type":"","width":"","height":""}],"twitter_misc":{"Tiempo de lectura":"1 minuto"},"schema":{"@context":"https:\/\/schema.org","@graph":[{"@type":"WebPage","@id":"https:\/\/luisnaon.com\/es\/luis-naon\/descargar-curriculum\/","url":"https:\/\/luisnaon.com\/es\/luis-naon\/descargar-curriculum\/","name":"Descargar Curr\u00edculum - Luis Na\u00f3n \/ compositeur","isPartOf":{"@id":"https:\/\/luisnaon.com\/#website"},"primaryImageOfPage":{"@id":"https:\/\/luisnaon.com\/es\/luis-naon\/descargar-curriculum\/#primaryimage"},"image":{"@id":"https:\/\/luisnaon.com\/es\/luis-naon\/descargar-curriculum\/#primaryimage"},"thumbnailUrl":"https:\/\/luisnaon.com\/wp-content\/uploads\/2014\/11\/cadre_agenda17.jpg","datePublished":"2019-09-08T11:11:58+00:00","dateModified":"2023-07-10T12:21:36+00:00","breadcrumb":{"@id":"https:\/\/luisnaon.com\/es\/luis-naon\/descargar-curriculum\/#breadcrumb"},"inLanguage":"es","potentialAction":[{"@type":"ReadAction","target":["https:\/\/luisnaon.com\/es\/luis-naon\/descargar-curriculum\/"]}]},{"@type":"ImageObject","inLanguage":"es","@id":"https:\/\/luisnaon.com\/es\/luis-naon\/descargar-curriculum\/#primaryimage","url":"https:\/\/luisnaon.com\/wp-content\/uploads\/2014\/11\/cadre_agenda17.jpg","contentUrl":"https:\/\/luisnaon.com\/wp-content\/uploads\/2014\/11\/cadre_agenda17.jpg"},{"@type":"BreadcrumbList","@id":"https:\/\/luisnaon.com\/es\/luis-naon\/descargar-curriculum\/#breadcrumb","itemListElement":[{"@type":"ListItem","position":1,"name":"Accueil","item":"https:\/\/luisnaon.com\/es\/"},{"@type":"ListItem","position":2,"name":"Luis Na\u00f3n","item":"https:\/\/luisnaon.com\/es\/luis-naon\/"},{"@type":"ListItem","position":3,"name":"Descargar Curr\u00edculum"}]},{"@type":"WebSite","@id":"https:\/\/luisnaon.com\/#website","url":"https:\/\/luisnaon.com\/","name":"Luis Na\u00f3n \/ compositeur","description":"","potentialAction":[{"@type":"SearchAction","target":{"@type":"EntryPoint","urlTemplate":"https:\/\/luisnaon.com\/?s={search_term_string}"},"query-input":{"@type":"PropertyValueSpecification","valueRequired":true,"valueName":"search_term_string"}}],"inLanguage":"es"}]}},"jetpack_sharing_enabled":true,"jetpack_shortlink":"https:\/\/wp.me\/P8dE3Z-mW","jetpack-related-posts":[],"_links":{"self":[{"href":"https:\/\/luisnaon.com\/es\/wp-json\/wp\/v2\/pages\/1422","targetHints":{"allow":["GET"]}}],"collection":[{"href":"https:\/\/luisnaon.com\/es\/wp-json\/wp\/v2\/pages"}],"about":[{"href":"https:\/\/luisnaon.com\/es\/wp-json\/wp\/v2\/types\/page"}],"author":[{"embeddable":true,"href":"https:\/\/luisnaon.com\/es\/wp-json\/wp\/v2\/users\/2"}],"replies":[{"embeddable":true,"href":"https:\/\/luisnaon.com\/es\/wp-json\/wp\/v2\/comments?post=1422"}],"version-history":[{"count":0,"href":"https:\/\/luisnaon.com\/es\/wp-json\/wp\/v2\/pages\/1422\/revisions"}],"up":[{"embeddable":true,"href":"https:\/\/luisnaon.com\/es\/wp-json\/wp\/v2\/pages\/1400"}],"wp:attachment":[{"href":"https:\/\/luisnaon.com\/es\/wp-json\/wp\/v2\/media?parent=1422"}],"curies":[{"name":"wp","href":"https:\/\/api.w.org\/{rel}","templated":true}]}}