{"id":1426,"date":"2019-09-08T11:12:26","date_gmt":"2019-09-08T11:12:26","guid":{"rendered":"https:\/\/luisnaon.com\/luis-naon\/biografia\/"},"modified":"2023-07-10T12:19:51","modified_gmt":"2023-07-10T12:19:51","slug":"biografia","status":"publish","type":"page","link":"https:\/\/luisnaon.com\/es\/luis-naon\/biografia\/","title":{"rendered":"Biograf\u00eda"},"content":{"rendered":"<div class=\"post-excerpt\">\n<p><img loading=\"lazy\" decoding=\"async\" class=\"alignnone size-full wp-image-150\" src=\"https:\/\/luisnaon.com\/wp-content\/uploads\/2014\/11\/cadre_agenda17.jpg\" alt=\"cadre_agenda17\" width=\"700\" height=\"240\" srcset=\"https:\/\/luisnaon.com\/wp-content\/uploads\/2014\/11\/cadre_agenda17.jpg 700w, https:\/\/luisnaon.com\/wp-content\/uploads\/2014\/11\/cadre_agenda17-300x102.jpg 300w\" sizes=\"auto, (max-width: 700px) 100vw, 700px\" \/><\/p>\n<p style=\"text-align: justify;\"><span style=\"background-color: #ffffff;\">N\u00e9 \u00e0 La Plata<\/span>, en Argentine, en 1961. Fait des \u00e9tudes musicales \u00e0 l&#8217;Universidad <span style=\"background-color: #ffffff;\">Nacional<\/span> de La Plata, Universidad Cat\u00f3lica Argentina \u00e0 Buenos Aires puis au CNSM de Paris avec Guy Reibel, Laurent Cuniot, Daniel Teruggi, Sergio Ortega et Horacio Vaggione. Depuis 1991 professeur de Composition et Nouvelles Technologies du Conservatoire National Sup\u00e9rieur de Musique de Paris.<\/p>\n<p style=\"text-align: justify;\">Depuis celle que l&#8217;on peut consid\u00e9rer sa premi\u00e8re \u0153uvre, <strong>Final del Juego<\/strong> pour septuor et bande magn\u00e9tique (cr\u00e9\u00e9e au studio 105 de Radio France en 1983) il cherche \u00e0 mettre en \u0153uvre (\u00e0 composer) cette relation dual, n\u00e9e de son exp\u00e9rience de la musique r\u00e9alis\u00e9e en studio et de sa double appartenance culturelle qui se font jour sous diff\u00e9rentes formes :<\/p>\n<p style=\"text-align: justify;\"><span style=\"color: #800000;\"><strong>&#8211; Les disciplines artistiques<\/strong><\/span> <em>(peinture-th\u00e9\u00e2tre-musique-architecture)<\/em> mettant en \u0153uvre une collaboration \u00e9troite avec un plasticien, <em><strong>Abel Robino<\/strong><\/em>, avec lequel plusieurs installations mixtes sont r\u00e9alis\u00e9es depuis 1997. Collabore depuis 1995 avec <strong><em>Fran\u00e7ois Wastiaux et la Compagnie Valsez Cassis<\/em><\/strong> pour plusieurs spectacles et musiques de sc\u00e8ne parmi lesquelles on peut citer <strong>Hamlet<\/strong>, L<strong>e bagne\u00a0<\/strong>(de Jean Genet), <strong>Requiem pour un Bookmaker chinois<\/strong> (libre adaptation du film de John Cassavetes) <strong>Les Parapazzi<\/strong> (de <strong><em>Yves Pag\u00e8s<\/em><\/strong>) dans plusieurs Sc\u00e8nes nationales fran\u00e7aises, au Festival d&#8217;Avignon et au Teatro Colon (Buenos Aires)<\/p>\n<\/div>\n<div class=\"post-content\">\n<p style=\"text-align: justify;\"><strong><span style=\"color: #800000;\">&#8211; Les genres<\/span><\/strong> <em>(acousmatique-instrumental)<\/em>\u2026 En t\u00e9moignent ses nombreux travaux mixtes, pour \u00e9lectronique en temps r\u00e9el, synth\u00e9tiseurs, instruments traditionnels et bande, sons fix\u00e9s, installations\u2026<br \/>\nSes \u0153uvres ont re\u00e7u des prix et distinctions \u00e0 la Tribune Internationale de Compositeurs UNESCO 90 et 96 (<strong>Tango del desamparo et Speculorum Memoria<\/strong>), Fondo Nacional de las Artes (pour <strong>Reflets<\/strong>), Prix TRINAC du Conseil International de la Musique (pour son quintette \u00e0 vent <strong>Cinq personnages en qu\u00eate de hauteur<\/strong>), Olympia Composition Prize (pour <strong>Ombre de l&#8217;ombre<\/strong>), Prix Municipal de la ville de Buenos Aires 91 (pour Ombre de l&#8217;ombre) et 95 (pour <strong>Speculorum Memoria<\/strong>) . Derni\u00e8rement nomin\u00e9 pour les \u201c3\u00e8mes Victoires de la Musique Classique &#8221; (pour\u00a0<strong>Sextuor<\/strong> \u00ab . \u00bb), pour le &#8220;Prix Georges Enesco&#8221; de la Sacem et le Prix &#8220;Luis de Narv\u00e1ez&#8221; de la Caja de Granada pour son <strong>Quatuor \u00e0 cordes<\/strong>.<\/p>\n<p style=\"text-align: justify;\">Collabore avec divers ensembles et des institutions tels le Minist\u00e8re de la Culture et de la Communication, Teatro Col\u00f3n (Buenos Aires), Orchestre de la Seine-Saint-Denis, Ensembles TM+, Groupo Encuentros (Argentine), Interface, Musique Oblique, Mus\u00e9e d\u2019Histoire de Montreuil, Orchestre Philharmonique de Radio France, l\u2019INA-GRM, IRCAM, Orchestre de Paris, dans des festivals tels Musica Strasbourg, MANCA, Festival d&#8217;Aix en Provence, etc.<\/p>\n<p style=\"text-align: justify;\">Ces \u0153uvres ont \u00e9t\u00e9 jou\u00e9es dans des prestigieuses salles et Festivals, en Europe, aux Am\u00e9riques, en Asie.<\/p>\n<p style=\"text-align: justify;\">Le cycle de 24 \u0153uvres &#8220;Urbana&#8221;, n\u00e9 il y a quelques ann\u00e9es, se cristallise sous ce titre g\u00e9n\u00e9rique \u00e0 travers &#8220;<strong>Urbana<\/strong>&#8221; pour accord\u00e9on, percussion et dispositif en temps r\u00e9el, il comporte plusieurs \u00e9tapes ou \u0153uvres dont certaines sont d\u00e9j\u00e0 \u00e9crites : <strong>Speculorum Memoria<\/strong> (pour orchestre), <strong>Au del\u00e0 du rouge<\/strong> (pour quintette),<strong>Amor a Roma<\/strong> (pour mezzo et petit orchestre), <strong>Claustrum<\/strong> (pour percussion et bande), <strong>La sph\u00e8re et la pi\u00e8rre<\/strong> (pour sons fix\u00e9s), <strong>Sextuor<\/strong> \u00ab . \u00bb (pour trois clarinettes et trio \u00e0 cordes), <strong>Ka<\/strong>, <strong>cinq po\u00e8mes musicaux<\/strong> (pour septuor), <strong>Lettre inachev\u00e9e<\/strong> (pour vibraphone et dispositif), <strong>Requiem pour un Bookmaker chinois<\/strong>(op\u00e9ra de chambre pour sept acteurs\/chanteurs et ensemble), <strong>Diabolus Urbanus<\/strong>(pour alto et sons fix\u00e9s), <strong>Quatuor \u00e0 cordes II<\/strong> , <strong>Double Urbana<\/strong> (pour double orchestre et \u00e9lectronique), <strong>Diagonal<\/strong> (pour 8 solistes de l&#8217;orchestre de Paris),<strong> Alto Voltango<\/strong> (pour saxophone et percussion), <strong>Sainte Nitouche<\/strong> (monodrame pour mezzo et sept instruments sur des textes de Yves Pag\u00e8s), <strong>Clairi\u00e8re<\/strong> (pour clarinette et dispositif multicanal), <strong>Senderos\u2026que bifurcan<\/strong>. (pour saxophone et \u00e9lectronique \u2013 Commande de la Soci\u00e9t\u00e9 Selmer) \u00e9crite pour le Prix de Saxophone du CNSMDP, <strong>Perspectives<\/strong> (\u0153uvre acousmatique pour le cycle de l\u2019INA- GRM),\u00a0<strong>Lascaux urbana<\/strong> (Commande de l\u2019Etat pour sons fix\u00e9s en 5.1 et installation plastique et vid\u00e9o), <strong>Obertura Urbana<\/strong> (concerto pour bandon\u00e9on et orchestre \u00e9crit pour l\u2019\u00e9mission <strong><em>Alla Breve<\/em><\/strong> de France Musique \u2013 France Culture).<\/p>\n<p style=\"text-align: justify;\">Parall\u00e8lement, avec Fran\u00e7ois Wastiaux, il collabore sur la musique de sc\u00e8ne de\u00a0<strong>Portraits Crach\u00e9s<\/strong> et <strong>Labo Lubbe<\/strong> &#8211; cahier de route de l\u2019incendiaire du Reichtag de <strong><em>Yves Pag\u00e8s<\/em><\/strong> et dont les musiques sont largement bas\u00e9es sur des traces du cycle Urbana.\u00a0<\/p>\n<p style=\"text-align: justify;\">A partir de janvier 2007, il \u00e9crit la musique pour le spectacle \u00ab Les Princesses \u00bb avec la chor\u00e9graphe <strong><em>Odile Azagury<\/em><\/strong>, qui comporte 21 volets en musicaux pour diverses formations, allant de la musique \u00e9lectroacoustique seule (pour les chor\u00e9graphes <strong><em>Anna Venturan,\u00a0<\/em><\/strong><strong><em>Karine Saporta<\/em><\/strong> ou <strong><em>Dominique Boivin<\/em><\/strong>) jusqu\u2019au pi\u00e8ces pour 15 instruments et \u00e9lectronique (pour les chor\u00e9graphes <strong><em>Carolyn Carlson, H\u00e9la Fatoumi, Blanca Li,<\/em><\/strong> etc.)<\/p>\n<p style=\"text-align: justify;\">Parmi ses pi\u00e8ces les plus r\u00e9centes on peut citer : \u00ab\u00a0<strong>Quebrada\/Horizonte<\/strong>\u00a0\u00bb pour orchestre, \u00ab\u00a0<strong>P\u00e1jaro al borde de la noche<\/strong>\u00a0\u00bb pour violoncelle, \u00e9lectronique et ensemble, cr\u00e9\u00e9s lors des derniers festivals Pr\u00e9sences de Radio France, \u00ab\u00a0<strong>\u00c9bano y Metal<\/strong>\u00a0\u00bb pour le Lemanic Modern Ensemble cr\u00e9\u00e9e \u00e0 Lausanne et \u00ab\u00a0<strong>Bl\u00edster<\/strong>\u00a0\u00bb (action b\u00e9llico-psychiatrique) pour le TACEC, cr\u00e9\u00e9e au Teatro Argentino de La Plata-Argentine.La Plata-Argentine.<\/p>\n<p style=\"text-align: justify;\">Il travaille actuellement sur un Quatuor \u00e0 cordes avec \u00e9lectronique pour le quatuor Diotima qui sera cr\u00e9\u00e9 lors de la r\u00e9ouverture de l\u2019Espace de Projection de l\u2019IRCAM et au \u00ab\u00a0Tage f\u00fcr Neue Musik\u00a0\u00bb de Z\u00fcrich en collaboration avec l\u2019ICST (Institute for Computer Music and Sound Technologie).<\/p>\n<p>Ses \u0153uvres sont \u00e9dit\u00e9es par Henry Lemoine, G\u00e9rard Billaudot et Babelscores.<\/p>\n<p><img loading=\"lazy\" decoding=\"async\" class=\"alignleft\" title=\"Luis Na\u00f3n - compositeur\" src=\"https:\/\/www.doublelune.com\/luisnaon\/wp-content\/uploads\/images\/naon\/005.jpg\" alt=\"Luis Na\u00f3n - compositeur\" width=\"400\" height=\"275\" \/><\/p>\n<address class=\"credito\"><span class=\"wp-caption-dd\" style=\"font-size: 10px;\">Photo: Arthur P\u00e9quin<\/span><\/address>\n<\/div>\n","protected":false},"excerpt":{"rendered":"<p>N\u00e9 \u00e0 La Plata, en Argentine, en 1961. Fait des \u00e9tudes musicales \u00e0 l&#8217;Universidad Nacional de La Plata, Universidad Cat\u00f3lica Argentina \u00e0 Buenos Aires puis au CNSM de Paris avec Guy Reibel, Laurent Cuniot, Daniel Teruggi, Sergio Ortega et Horacio Vaggione. Depuis 1991 professeur de Composition et Nouvelles Technologies du Conservatoire National Sup\u00e9rieur de Musique &hellip; <a href=\"https:\/\/luisnaon.com\/es\/luis-naon\/biografia\/\" class=\"more-link\">Seguir leyendo <span class=\"screen-reader-text\">Biograf\u00eda<\/span> <span class=\"meta-nav\">&rarr;<\/span><\/a><\/p>\n","protected":false},"author":2,"featured_media":0,"parent":1400,"menu_order":0,"comment_status":"closed","ping_status":"closed","template":"","meta":{"jetpack_post_was_ever_published":false,"footnotes":""},"class_list":["post-1426","page","type-page","status-publish","hentry"],"yoast_head":"<!-- This site is optimized with the Yoast SEO plugin v27.3 - https:\/\/yoast.com\/product\/yoast-seo-wordpress\/ -->\n<title>Biograf\u00eda - Luis Na\u00f3n \/ compositeur<\/title>\n<meta name=\"robots\" content=\"index, follow, max-snippet:-1, max-image-preview:large, max-video-preview:-1\" \/>\n<link rel=\"canonical\" href=\"https:\/\/luisnaon.com\/es\/luis-naon\/biografia\/\" \/>\n<meta property=\"og:locale\" content=\"es_ES\" \/>\n<meta property=\"og:type\" content=\"article\" \/>\n<meta property=\"og:title\" content=\"Biograf\u00eda - Luis Na\u00f3n \/ compositeur\" \/>\n<meta property=\"og:description\" content=\"N\u00e9 \u00e0 La Plata, en Argentine, en 1961. Fait des \u00e9tudes musicales \u00e0 l&#8217;Universidad Nacional de La Plata, Universidad Cat\u00f3lica Argentina \u00e0 Buenos Aires puis au CNSM de Paris avec Guy Reibel, Laurent Cuniot, Daniel Teruggi, Sergio Ortega et Horacio Vaggione. Depuis 1991 professeur de Composition et Nouvelles Technologies du Conservatoire National Sup\u00e9rieur de Musique &hellip; Seguir leyendo Biograf\u00eda &rarr;\" \/>\n<meta property=\"og:url\" content=\"https:\/\/luisnaon.com\/es\/luis-naon\/biografia\/\" \/>\n<meta property=\"og:site_name\" content=\"Luis Na\u00f3n \/ compositeur\" \/>\n<meta property=\"article:modified_time\" content=\"2023-07-10T12:19:51+00:00\" \/>\n<meta property=\"og:image\" content=\"https:\/\/luisnaon.com\/wp-content\/uploads\/2014\/11\/cadre_agenda17.jpg\" \/>\n<meta name=\"twitter:label1\" content=\"Tiempo de lectura\" \/>\n\t<meta name=\"twitter:data1\" content=\"5 minutos\" \/>\n<script type=\"application\/ld+json\" class=\"yoast-schema-graph\">{\"@context\":\"https:\\\/\\\/schema.org\",\"@graph\":[{\"@type\":\"WebPage\",\"@id\":\"https:\\\/\\\/luisnaon.com\\\/es\\\/luis-naon\\\/biografia\\\/\",\"url\":\"https:\\\/\\\/luisnaon.com\\\/es\\\/luis-naon\\\/biografia\\\/\",\"name\":\"Biograf\u00eda - Luis Na\u00f3n \\\/ compositeur\",\"isPartOf\":{\"@id\":\"https:\\\/\\\/luisnaon.com\\\/#website\"},\"primaryImageOfPage\":{\"@id\":\"https:\\\/\\\/luisnaon.com\\\/es\\\/luis-naon\\\/biografia\\\/#primaryimage\"},\"image\":{\"@id\":\"https:\\\/\\\/luisnaon.com\\\/es\\\/luis-naon\\\/biografia\\\/#primaryimage\"},\"thumbnailUrl\":\"https:\\\/\\\/luisnaon.com\\\/wp-content\\\/uploads\\\/2014\\\/11\\\/cadre_agenda17.jpg\",\"datePublished\":\"2019-09-08T11:12:26+00:00\",\"dateModified\":\"2023-07-10T12:19:51+00:00\",\"breadcrumb\":{\"@id\":\"https:\\\/\\\/luisnaon.com\\\/es\\\/luis-naon\\\/biografia\\\/#breadcrumb\"},\"inLanguage\":\"es\",\"potentialAction\":[{\"@type\":\"ReadAction\",\"target\":[\"https:\\\/\\\/luisnaon.com\\\/es\\\/luis-naon\\\/biografia\\\/\"]}]},{\"@type\":\"ImageObject\",\"inLanguage\":\"es\",\"@id\":\"https:\\\/\\\/luisnaon.com\\\/es\\\/luis-naon\\\/biografia\\\/#primaryimage\",\"url\":\"https:\\\/\\\/luisnaon.com\\\/wp-content\\\/uploads\\\/2014\\\/11\\\/cadre_agenda17.jpg\",\"contentUrl\":\"https:\\\/\\\/luisnaon.com\\\/wp-content\\\/uploads\\\/2014\\\/11\\\/cadre_agenda17.jpg\"},{\"@type\":\"BreadcrumbList\",\"@id\":\"https:\\\/\\\/luisnaon.com\\\/es\\\/luis-naon\\\/biografia\\\/#breadcrumb\",\"itemListElement\":[{\"@type\":\"ListItem\",\"position\":1,\"name\":\"Accueil\",\"item\":\"https:\\\/\\\/luisnaon.com\\\/es\\\/\"},{\"@type\":\"ListItem\",\"position\":2,\"name\":\"Luis Na\u00f3n\",\"item\":\"https:\\\/\\\/luisnaon.com\\\/es\\\/luis-naon\\\/\"},{\"@type\":\"ListItem\",\"position\":3,\"name\":\"Biograf\u00eda\"}]},{\"@type\":\"WebSite\",\"@id\":\"https:\\\/\\\/luisnaon.com\\\/#website\",\"url\":\"https:\\\/\\\/luisnaon.com\\\/\",\"name\":\"Luis Na\u00f3n \\\/ compositeur\",\"description\":\"\",\"potentialAction\":[{\"@type\":\"SearchAction\",\"target\":{\"@type\":\"EntryPoint\",\"urlTemplate\":\"https:\\\/\\\/luisnaon.com\\\/?s={search_term_string}\"},\"query-input\":{\"@type\":\"PropertyValueSpecification\",\"valueRequired\":true,\"valueName\":\"search_term_string\"}}],\"inLanguage\":\"es\"}]}<\/script>\n<!-- \/ Yoast SEO plugin. -->","yoast_head_json":{"title":"Biograf\u00eda - Luis Na\u00f3n \/ compositeur","robots":{"index":"index","follow":"follow","max-snippet":"max-snippet:-1","max-image-preview":"max-image-preview:large","max-video-preview":"max-video-preview:-1"},"canonical":"https:\/\/luisnaon.com\/es\/luis-naon\/biografia\/","og_locale":"es_ES","og_type":"article","og_title":"Biograf\u00eda - Luis Na\u00f3n \/ compositeur","og_description":"N\u00e9 \u00e0 La Plata, en Argentine, en 1961. Fait des \u00e9tudes musicales \u00e0 l&#8217;Universidad Nacional de La Plata, Universidad Cat\u00f3lica Argentina \u00e0 Buenos Aires puis au CNSM de Paris avec Guy Reibel, Laurent Cuniot, Daniel Teruggi, Sergio Ortega et Horacio Vaggione. Depuis 1991 professeur de Composition et Nouvelles Technologies du Conservatoire National Sup\u00e9rieur de Musique &hellip; Seguir leyendo Biograf\u00eda &rarr;","og_url":"https:\/\/luisnaon.com\/es\/luis-naon\/biografia\/","og_site_name":"Luis Na\u00f3n \/ compositeur","article_modified_time":"2023-07-10T12:19:51+00:00","og_image":[{"url":"https:\/\/luisnaon.com\/wp-content\/uploads\/2014\/11\/cadre_agenda17.jpg","type":"","width":"","height":""}],"twitter_misc":{"Tiempo de lectura":"5 minutos"},"schema":{"@context":"https:\/\/schema.org","@graph":[{"@type":"WebPage","@id":"https:\/\/luisnaon.com\/es\/luis-naon\/biografia\/","url":"https:\/\/luisnaon.com\/es\/luis-naon\/biografia\/","name":"Biograf\u00eda - Luis Na\u00f3n \/ compositeur","isPartOf":{"@id":"https:\/\/luisnaon.com\/#website"},"primaryImageOfPage":{"@id":"https:\/\/luisnaon.com\/es\/luis-naon\/biografia\/#primaryimage"},"image":{"@id":"https:\/\/luisnaon.com\/es\/luis-naon\/biografia\/#primaryimage"},"thumbnailUrl":"https:\/\/luisnaon.com\/wp-content\/uploads\/2014\/11\/cadre_agenda17.jpg","datePublished":"2019-09-08T11:12:26+00:00","dateModified":"2023-07-10T12:19:51+00:00","breadcrumb":{"@id":"https:\/\/luisnaon.com\/es\/luis-naon\/biografia\/#breadcrumb"},"inLanguage":"es","potentialAction":[{"@type":"ReadAction","target":["https:\/\/luisnaon.com\/es\/luis-naon\/biografia\/"]}]},{"@type":"ImageObject","inLanguage":"es","@id":"https:\/\/luisnaon.com\/es\/luis-naon\/biografia\/#primaryimage","url":"https:\/\/luisnaon.com\/wp-content\/uploads\/2014\/11\/cadre_agenda17.jpg","contentUrl":"https:\/\/luisnaon.com\/wp-content\/uploads\/2014\/11\/cadre_agenda17.jpg"},{"@type":"BreadcrumbList","@id":"https:\/\/luisnaon.com\/es\/luis-naon\/biografia\/#breadcrumb","itemListElement":[{"@type":"ListItem","position":1,"name":"Accueil","item":"https:\/\/luisnaon.com\/es\/"},{"@type":"ListItem","position":2,"name":"Luis Na\u00f3n","item":"https:\/\/luisnaon.com\/es\/luis-naon\/"},{"@type":"ListItem","position":3,"name":"Biograf\u00eda"}]},{"@type":"WebSite","@id":"https:\/\/luisnaon.com\/#website","url":"https:\/\/luisnaon.com\/","name":"Luis Na\u00f3n \/ compositeur","description":"","potentialAction":[{"@type":"SearchAction","target":{"@type":"EntryPoint","urlTemplate":"https:\/\/luisnaon.com\/?s={search_term_string}"},"query-input":{"@type":"PropertyValueSpecification","valueRequired":true,"valueName":"search_term_string"}}],"inLanguage":"es"}]}},"jetpack_sharing_enabled":true,"jetpack_shortlink":"https:\/\/wp.me\/P8dE3Z-n0","jetpack-related-posts":[],"_links":{"self":[{"href":"https:\/\/luisnaon.com\/es\/wp-json\/wp\/v2\/pages\/1426","targetHints":{"allow":["GET"]}}],"collection":[{"href":"https:\/\/luisnaon.com\/es\/wp-json\/wp\/v2\/pages"}],"about":[{"href":"https:\/\/luisnaon.com\/es\/wp-json\/wp\/v2\/types\/page"}],"author":[{"embeddable":true,"href":"https:\/\/luisnaon.com\/es\/wp-json\/wp\/v2\/users\/2"}],"replies":[{"embeddable":true,"href":"https:\/\/luisnaon.com\/es\/wp-json\/wp\/v2\/comments?post=1426"}],"version-history":[{"count":0,"href":"https:\/\/luisnaon.com\/es\/wp-json\/wp\/v2\/pages\/1426\/revisions"}],"up":[{"embeddable":true,"href":"https:\/\/luisnaon.com\/es\/wp-json\/wp\/v2\/pages\/1400"}],"wp:attachment":[{"href":"https:\/\/luisnaon.com\/es\/wp-json\/wp\/v2\/media?parent=1426"}],"curies":[{"name":"wp","href":"https:\/\/api.w.org\/{rel}","templated":true}]}}